{"id":4155,"date":"2022-03-10T10:50:18","date_gmt":"2022-03-10T10:50:18","guid":{"rendered":"https:\/\/yourvisionyourworld.com\/es\/?page_id=4155"},"modified":"2023-03-08T12:32:38","modified_gmt":"2023-03-08T12:32:38","slug":"uso-de-cookies","status":"publish","type":"page","link":"https:\/\/yourvisionyourworld.com\/es\/uso-de-cookies\/","title":{"rendered":"Uso de cookies"},"content":{"rendered":"<h1>Uso de cookies<\/h1>\n<p>Nuestro sitio web (\u201cel Sitio\u201d) utiliza las cookies para diferenciarle de los otros usuarios del Sitio. Esto nos ayuda a mejorar la experiencia del usuario durante su visita y nos permite perfeccionar el Sitio. Si contin\u00faa explorando el Sitio, consideraremos que acepta nuestras condiciones de uso de las cookies.<\/p>\n<p>Una cookie es un peque\u00f1o archivo con letras y n\u00fameros que se almacena en el explorador o disco duro del usuario una vez que este ha accedido a las condiciones de uso. Las cookies contienen informaci\u00f3n que se transfiere al disco duro del ordenador.<\/p>\n<p>Utilizamos las siguientes cookies:<\/p>\n<ul>\n<li><strong>Cookies estrictamente necesarias<\/strong>. Cookies necesarias para el funcionamiento del Sitio. Por ejemplo, cookies que le permitir\u00e1n iniciar una sesi\u00f3n en \u00e1reas seguras del Sitio.<\/li>\n<li><strong>Cookies anal\u00edticas\/de rendimiento<\/strong>. Nos permiten reconocer y contabilizar el n\u00famero de visitantes y comprobar c\u00f3mo se desplazan por el Sitio durante su visita. Esto nos ayudar\u00e1 a mejorar el funcionamiento del Sitio, por ejemplo, garantizando que los usuarios encuentran lo que est\u00e1n buscando f\u00e1cilmente.<\/li>\n<li><strong>Cookies de funcionalidad<\/strong>. Nos permiten reconocerle cuando vuelve al Sitio. Gracias a estas cookies, podemos personalizar nuestro contenido para el usuario, saludarle por su nombre y recordar sus preferencias.<\/li>\n<li><strong>Cookies de localizaci\u00f3n<\/strong>. Estas cookies registran las visitas al Sitio de cada usuario, las p\u00e1ginas visitadas y los v\u00ednculos seguidos. Las utilizaremos para incluir contenido que pueda serle de mayor inter\u00e9s. Para este fin, es posible que compartamos esta informaci\u00f3n con terceros.<\/li>\n<\/ul>\n<p>Tenga en cuenta que las terceras partes (lo que incluye, por ejemplo, a proveedores de redes y publicidad de servicios externos, como los servicios de an\u00e1lisis del tr\u00e1fico web) quiz\u00e1 utilicen tambi\u00e9n cookies, sobre las que no tenemos ning\u00fan control. Estas cookies son probablemente de tipo anal\u00edtico\/rendimiento o de localizaci\u00f3n.<\/p>\n<p>Para bloquear las cookies, active la opci\u00f3n correspondiente en su explorador, lo que le permitir\u00e1 rechazar todas o algunas de las cookies. No obstante, si configura el explorador de forma que bloquee todas las cookies (incluidas las cookies esenciales), quiz\u00e1 se le impida el acceso al Sitio de forma total o parcial.<\/p>\n<p>\u00a9 2023 Rayner Group<\/p>\n","protected":false},"excerpt":{"rendered":"<p>Uso de cookies Nuestro sitio web (\u201cel Sitio\u201d) utiliza las cookies para diferenciarle de los otros usuarios del Sitio. Esto nos ayuda a mejorar la experiencia del usuario durante su visita y nos permite perfeccionar el Sitio. Si contin\u00faa explorando el Sitio, consideraremos que acepta nuestras condiciones de uso de las cookies. Una cookie es\u2026 <a href=\"https:\/\/yourvisionyourworld.com\/es\/uso-de-cookies\/\">Read more<\/a><\/p>\n","protected":false},"author":5,"featured_media":0,"parent":0,"menu_order":0,"comment_status":"closed","ping_status":"closed","template":"page-basic.php","meta":{"inline_featured_image":false},"tags":[],"acf":[],"yoast_head":"<!-- This site is optimized with the Yoast SEO plugin v20.6 - https:\/\/yoast.com\/wordpress\/plugins\/seo\/ -->\n<title>Uso de cookies - Your Vision. Your World - ES<\/title>\n<meta name=\"robots\" content=\"index, follow, max-snippet:-1, max-image-preview:large, max-video-preview:-1\" \/>\n<link rel=\"canonical\" href=\"https:\/\/yourvisionyourworld.com\/es\/uso-de-cookies\/\" \/>\n<meta property=\"og:locale\" content=\"en_GB\" \/>\n<meta property=\"og:type\" content=\"article\" \/>\n<meta property=\"og:title\" content=\"Uso de cookies - Your Vision. Your World - ES\" \/>\n<meta property=\"og:description\" content=\"Uso de cookies Nuestro sitio web (\u201cel Sitio\u201d) utiliza las cookies para diferenciarle de los otros usuarios del Sitio. Esto nos ayuda a mejorar la experiencia del usuario durante su visita y nos permite perfeccionar el Sitio. Si contin\u00faa explorando el Sitio, consideraremos que acepta nuestras condiciones de uso de las cookies. Una cookie es\u2026 Read more\" \/>\n<meta property=\"og:url\" content=\"https:\/\/yourvisionyourworld.com\/es\/uso-de-cookies\/\" \/>\n<meta property=\"og:site_name\" content=\"Your Vision. Your World - ES\" \/>\n<meta property=\"article:modified_time\" content=\"2023-03-08T12:32:38+00:00\" \/>\n<meta name=\"twitter:card\" content=\"summary_large_image\" \/>\n<meta name=\"twitter:label1\" content=\"Estimated reading time\" \/>\n\t<meta name=\"twitter:data1\" content=\"2 minutes\" \/>\n<script type=\"application\/ld+json\" class=\"yoast-schema-graph\">{\"@context\":\"https:\/\/schema.org\",\"@graph\":[{\"@type\":\"WebPage\",\"@id\":\"https:\/\/yourvisionyourworld.com\/es\/uso-de-cookies\/\",\"url\":\"https:\/\/yourvisionyourworld.com\/es\/uso-de-cookies\/\",\"name\":\"Uso de cookies - Your Vision. Your World - ES\",\"isPartOf\":{\"@id\":\"https:\/\/yourvisionyourworld.com\/es\/#website\"},\"datePublished\":\"2022-03-10T10:50:18+00:00\",\"dateModified\":\"2023-03-08T12:32:38+00:00\",\"breadcrumb\":{\"@id\":\"https:\/\/yourvisionyourworld.com\/es\/uso-de-cookies\/#breadcrumb\"},\"inLanguage\":\"en-GB\",\"potentialAction\":[{\"@type\":\"ReadAction\",\"target\":[\"https:\/\/yourvisionyourworld.com\/es\/uso-de-cookies\/\"]}]},{\"@type\":\"BreadcrumbList\",\"@id\":\"https:\/\/yourvisionyourworld.com\/es\/uso-de-cookies\/#breadcrumb\",\"itemListElement\":[{\"@type\":\"ListItem\",\"position\":1,\"name\":\"Home\",\"item\":\"https:\/\/yourvisionyourworld.com\/es\/\"},{\"@type\":\"ListItem\",\"position\":2,\"name\":\"Uso de cookies\"}]},{\"@type\":\"WebSite\",\"@id\":\"https:\/\/yourvisionyourworld.com\/es\/#website\",\"url\":\"https:\/\/yourvisionyourworld.com\/es\/\",\"name\":\"Your Vision. Your World - ES\",\"description\":\"\",\"potentialAction\":[{\"@type\":\"SearchAction\",\"target\":{\"@type\":\"EntryPoint\",\"urlTemplate\":\"https:\/\/yourvisionyourworld.com\/es\/?s={search_term_string}\"},\"query-input\":\"required name=search_term_string\"}],\"inLanguage\":\"en-GB\"}]}<\/script>\n<!-- \/ Yoast SEO plugin. -->","yoast_head_json":{"title":"Uso de cookies - Your Vision. Your World - ES","robots":{"index":"index","follow":"follow","max-snippet":"max-snippet:-1","max-image-preview":"max-image-preview:large","max-video-preview":"max-video-preview:-1"},"canonical":"https:\/\/yourvisionyourworld.com\/es\/uso-de-cookies\/","og_locale":"en_GB","og_type":"article","og_title":"Uso de cookies - Your Vision. Your World - ES","og_description":"Uso de cookies Nuestro sitio web (\u201cel Sitio\u201d) utiliza las cookies para diferenciarle de los otros usuarios del Sitio. Esto nos ayuda a mejorar la experiencia del usuario durante su visita y nos permite perfeccionar el Sitio. Si contin\u00faa explorando el Sitio, consideraremos que acepta nuestras condiciones de uso de las cookies. Una cookie es\u2026 Read more","og_url":"https:\/\/yourvisionyourworld.com\/es\/uso-de-cookies\/","og_site_name":"Your Vision. Your World - ES","article_modified_time":"2023-03-08T12:32:38+00:00","twitter_card":"summary_large_image","twitter_misc":{"Estimated reading time":"2 minutes"},"schema":{"@context":"https:\/\/schema.org","@graph":[{"@type":"WebPage","@id":"https:\/\/yourvisionyourworld.com\/es\/uso-de-cookies\/","url":"https:\/\/yourvisionyourworld.com\/es\/uso-de-cookies\/","name":"Uso de cookies - Your Vision. Your World - ES","isPartOf":{"@id":"https:\/\/yourvisionyourworld.com\/es\/#website"},"datePublished":"2022-03-10T10:50:18+00:00","dateModified":"2023-03-08T12:32:38+00:00","breadcrumb":{"@id":"https:\/\/yourvisionyourworld.com\/es\/uso-de-cookies\/#breadcrumb"},"inLanguage":"en-GB","potentialAction":[{"@type":"ReadAction","target":["https:\/\/yourvisionyourworld.com\/es\/uso-de-cookies\/"]}]},{"@type":"BreadcrumbList","@id":"https:\/\/yourvisionyourworld.com\/es\/uso-de-cookies\/#breadcrumb","itemListElement":[{"@type":"ListItem","position":1,"name":"Home","item":"https:\/\/yourvisionyourworld.com\/es\/"},{"@type":"ListItem","position":2,"name":"Uso de cookies"}]},{"@type":"WebSite","@id":"https:\/\/yourvisionyourworld.com\/es\/#website","url":"https:\/\/yourvisionyourworld.com\/es\/","name":"Your Vision. Your World - ES","description":"","potentialAction":[{"@type":"SearchAction","target":{"@type":"EntryPoint","urlTemplate":"https:\/\/yourvisionyourworld.com\/es\/?s={search_term_string}"},"query-input":"required name=search_term_string"}],"inLanguage":"en-GB"}]}},"_links":{"self":[{"href":"https:\/\/yourvisionyourworld.com\/es\/wp-json\/wp\/v2\/pages\/4155"}],"collection":[{"href":"https:\/\/yourvisionyourworld.com\/es\/wp-json\/wp\/v2\/pages"}],"about":[{"href":"https:\/\/yourvisionyourworld.com\/es\/wp-json\/wp\/v2\/types\/page"}],"author":[{"embeddable":true,"href":"https:\/\/yourvisionyourworld.com\/es\/wp-json\/wp\/v2\/users\/5"}],"replies":[{"embeddable":true,"href":"https:\/\/yourvisionyourworld.com\/es\/wp-json\/wp\/v2\/comments?post=4155"}],"version-history":[{"count":6,"href":"https:\/\/yourvisionyourworld.com\/es\/wp-json\/wp\/v2\/pages\/4155\/revisions"}],"predecessor-version":[{"id":5508,"href":"https:\/\/yourvisionyourworld.com\/es\/wp-json\/wp\/v2\/pages\/4155\/revisions\/5508"}],"wp:attachment":[{"href":"https:\/\/yourvisionyourworld.com\/es\/wp-json\/wp\/v2\/media?parent=4155"}],"wp:term":[{"taxonomy":"post_tag","embeddable":true,"href":"https:\/\/yourvisionyourworld.com\/es\/wp-json\/wp\/v2\/tags?post=4155"}],"curies":[{"name":"wp","href":"https:\/\/api.w.org\/{rel}","templated":true}]}}