{"id":3,"date":"2020-05-05T14:40:45","date_gmt":"2020-05-05T14:40:45","guid":{"rendered":"http:\/\/localhost:8888\/zona\/?page_id=3"},"modified":"2023-03-14T15:42:33","modified_gmt":"2023-03-14T15:42:33","slug":"politica-de-privacidad","status":"publish","type":"page","link":"https:\/\/yourvisionyourworld.com\/es\/politica-de-privacidad\/","title":{"rendered":"Pol\u00edtica de privacidad"},"content":{"rendered":"<h1>Pol\u00edtica de privacidad<\/h1>\n<h5>POL\u00cdTICA DE PRIVACIDAD DEL SITIO WEB DE RAYNER<\/h5>\n<p>&nbsp;<\/p>\n<p>No se registre en este sitio si no desea que procesemos su informaci\u00f3n tal y como se describe en esta pol\u00edtica. Antes de introducir los datos de otra persona en este Sitio, aseg\u00farese de obtener su consentimiento.<\/p>\n<p>Rayner Intraocular Lenses Limited (\u201cRayner\u201d) realiza el mantenimiento y la administraci\u00f3n del presente sitio web, <a href=\"http:\/\/www.yourvisionyourworld\/es\">www.yourvisionyourworld\/es<\/a> (\u201cel Sitio\u201d). A los efectos del Reglamento General de Protecci\u00f3n de Datos (RGPD) [CE 2016\/679] el responsable del tratamiento de datos es Rayner, con domicilio social en 10 Dominion Way, Worthing, West Sussex BN14 8AQ.<\/p>\n<p>Mantenemos un compromiso de protecci\u00f3n de su privacidad.<\/p>\n<p>Esta pol\u00edtica (junto con nuestros T\u00e9rminos de uso y cualquier otro documento al que se haga referencia en la misma) establece la base sobre la cual procesaremos los datos personales que recopilemos del usuario o que Usted nos proporcione. Lea detenidamente el siguiente documento para comprender nuestros puntos de vista y pr\u00e1cticas en relaci\u00f3n con los datos personales y c\u00f3mo los trataremos. Al utilizar el Sitio, acepta y da su consentimiento a las pr\u00e1cticas descritas en esta pol\u00edtica.<\/p>\n<p>Revisamos con frecuencia nuestras pr\u00e1cticas de privacidad, por lo que es importante que agregue esta p\u00e1gina a sus favoritos y compruebe peri\u00f3dicamente si se han producido actualizaciones. Esta versi\u00f3n se actualiz\u00f3 por \u00faltima vez el 14 de marzo de 2019.<\/p>\n<p>&nbsp;<\/p>\n<h5><strong>1. Informaci\u00f3n que recopilamos<\/strong><\/h5>\n<p>Nosotros no recopilamos directamente la informaci\u00f3n sobre o proporcionada por los usuarios. Una tercera parte contratada (\u201cProveedor de servicios\u201d) recopila la informaci\u00f3n en nuestro nombre. El Proveedor de servicios es un controlador de datos registrado. El Proveedor de servicios utiliza una serie de medidas de seguridad, incluido el protocolo de seguridad y software Secure Sockets Layer (SSL) que encripta y garantiza la seguridad de cualquier informaci\u00f3n que el usuario ingrese al utilizar el Sitio. Las oficinas del Proveedor de servicios se encuentran en el Reino Unido.<\/p>\n<p>La siguiente informaci\u00f3n se recoge de dos formas, directa o indirecta:<\/p>\n<h5><strong>Recopilaci\u00f3n directa de informaci\u00f3n<\/strong><\/h5>\n<p>La informaci\u00f3n personal se recoge directamente cuando, por ejemplo, un usuario se registra en el Sitio, cumplimenta los formularios en l\u00ednea o se comunica con nosotros por correo postal, tel\u00e9fono o correo electr\u00f3nico. La informaci\u00f3n personal est\u00e1 compuesta por los datos que permiten la identificaci\u00f3n del usuario, por ejemplo, nombre, direcci\u00f3n o fecha de nacimiento. Esto incluye los datos personales que el usuario facilita al:<\/p>\n<p>crear una cuenta en nuestro Sitio;<br \/>\nsuscribirse a nuestros servicios o publicaciones;<br \/>\nsolicitar el env\u00edo de material promocional;<br \/>\nparticipar en una competici\u00f3n, promoci\u00f3n o encuesta, proporcionarnos comentarios o ponerse en contacto con nosotros.<\/p>\n<h5><strong>Informaci\u00f3n indirecta<\/strong><\/h5>\n<p>La recopilaci\u00f3n de la informaci\u00f3n de seguimiento se realiza de forma indirecta cuando el usuario accede al Sitio. Esta informaci\u00f3n se recopila autom\u00e1ticamente. Cada vez que visite nuestro Sitio podemos recopilar autom\u00e1ticamente la siguiente informaci\u00f3n:<\/p>\n<ul>\n<li>informaci\u00f3n t\u00e9cnica, incluida la direcci\u00f3n de Protocolo de Internet (IP) utilizada para la conexi\u00f3n a Internet del ordenador, sus datos de inicio de sesi\u00f3n, versi\u00f3n y tipo de explorador, ajustes de zona horaria, tipos y versiones de complementos del explorador, sistema operativo y plataforma;<\/li>\n<li>informaci\u00f3n sobre su visita, como la totalidad de los datos de clickstream de localizadores uniformes de recursos (URL) hacia, a trav\u00e9s de y desde el Sitio (incluida la fecha y la hora); los productos que ha visto o buscado; los tiempos de respuesta de p\u00e1gina, los errores de descarga, la duraci\u00f3n de las visitas a determinadas p\u00e1ginas, la informaci\u00f3n de interacci\u00f3n de p\u00e1gina (como desplazamientos, clics y desplazamientos del rat\u00f3n), y los m\u00e9todos utilizados para explorar una p\u00e1gina.<\/li>\n<\/ul>\n<p>La informaci\u00f3n de seguimiento se recopila mediante \u201ccookies\u201d, peque\u00f1os archivos de datos que se pueden utilizar, por ejemplo, para realizar un seguimiento de las p\u00e1ginas que visita. Aunque las cookies no contienen informaci\u00f3n personal, son exclusivas de cada usuario del Sitio, con el fin de que los ordenadores del Sitio puedan distinguir entre usuarios. Para obtener informaci\u00f3n detallada sobre las cookies que utilizamos y los prop\u00f3sitos para los que las utilizamos, consulte nuestra pol\u00edtica de Cookies.<\/p>\n<p>Tambi\u00e9n recopilamos, utilizamos y compartimos datos agregados, como datos estad\u00edsticos o demogr\u00e1ficos, para cualquier prop\u00f3sito. Los datos agregados pueden derivarse de sus datos personales, pero no se consideran datos personales seg\u00fan la ley, ya que estos datos no revelar\u00e1n su identidad ni directa ni indirectamente. Por ejemplo, podr\u00edamos agregar sus datos de uso para calcular el porcentaje de usuarios que acceden a una funci\u00f3n web espec\u00edfica. No obstante, en caso de que combinemos o vinculemos los datos agregados a los datos personales de forma que se le pueda identificar directa o indirectamente, trataremos los datos combinados como datos personales y estos se utilizar\u00e1n de acuerdo con esta pol\u00edtica de privacidad.<\/p>\n<p>No recopilamos ninguna categor\u00eda especial de datos personales sobre el usuario (esto incluye detalles sobre su raza o etnia, creencias religiosas o filos\u00f3ficas, vida u orientaci\u00f3n sexual, opiniones pol\u00edticas, afiliaci\u00f3n sindical, informaci\u00f3n sobre su salud y datos gen\u00e9ticos y biom\u00e9tricos) Tampoco recogemos informaci\u00f3n alguna sobre condenas criminales y delitos.<\/p>\n<p>&nbsp;<\/p>\n<h5><strong>2. C\u00f3mo utilizamos la informaci\u00f3n<\/strong><\/h5>\n<p>Solo utilizaremos sus datos personales cuando la ley nos lo permita. En la mayor\u00eda de los casos, emplearemos los datos personales en las siguientes circunstancias:<\/p>\n<ul>\n<li>Si necesitamos ejecutar el contrato que estamos a punto de concertar o que hemos concertado con usted;<\/li>\n<li>Si es necesario para nuestros intereses leg\u00edtimos (o los de un tercero) y sus intereses y derechos fundamentales no prevalecen sobre dichos intereses o los anule;<\/li>\n<li>Si necesitamos cumplir una obligaci\u00f3n legal.<\/li>\n<\/ul>\n<p>Por lo general, no dependemos del consentimiento como base legal para procesar sus datos personales, aunque lo solicitaremos antes de enviarle directamente comunicaciones de marketing directo de terceros. Tiene derecho a retirar su consentimiento al marketing en cualquier momento; para ello, p\u00f3ngase en contacto con nosotros.<\/p>\n<h5><strong>Informaci\u00f3n personal<\/strong><\/h5>\n<p>El Proveedor de servicios almacena la informaci\u00f3n de forma segura a la que podemos acceder para atender las consultas del usuario, proporcionarle la informaci\u00f3n que necesita o solicita sobre nuestros productos, procesar los pedidos, comunicarnos con los usuarios, garantizar que el contenido del Sitio se presenta de la forma m\u00e1s efectiva para el usuario y el ordenador que este utiliza y, en general, para mantener su cuenta con nosotros. Para estos fines, el Proveedor de servicios puede transferirnos parte o la totalidad de la informaci\u00f3n personal proporcionada por el usuario, o replicada por nosotros y almacenada en nuestras propias bases de datos. El Proveedor de servicios puede acceder a la informaci\u00f3n para realizar sus funciones, pero no puede utilizarla para ning\u00fan otro prop\u00f3sito.<\/p>\n<p>Los datos personales se almacenar\u00e1n durante un periodo de tiempo razonable, el necesario para proporcionarle los servicios y productos que solicite.<\/p>\n<h5><strong>Informaci\u00f3n de seguimiento<\/strong><\/h5>\n<p>Utilizaremos esta informaci\u00f3n:<\/p>\n<ul>\n<li>para administrar el Sitio y para operaciones internas, incluidas las siguientes: soluci\u00f3n de problemas, an\u00e1lisis de datos, pruebas, investigaci\u00f3n, an\u00e1lisis estad\u00edstico y encuestas;<\/li>\n<li>para mejorar el Sitio y garantizar que el contenido se presenta de la forma m\u00e1s efectiva para el usuario y el ordenador que este utiliza;<\/li>\n<li>para permitirle participar en las caracter\u00edsticas interactivas de nuestro servicio, si lo desea;<\/li>\n<li>como parte de nuestros esfuerzos para mantener la seguridad del sitio;<\/li>\n<li>para medir o comprender la efectividad de la publicidad que ofrecemos y presentar publicidad relevante y personalizada para cada usuario;<\/li>\n<li>para realizar sugerencias o recomendaciones a los usuarios del Sitio sobre productos y servicios que puedan ser de su inter\u00e9s.<\/li>\n<\/ul>\n<p>&nbsp;<\/p>\n<h5><strong>3. Eliminaci\u00f3n de informaci\u00f3n personal y opci\u00f3n de exclusi\u00f3n voluntaria<\/strong><\/h5>\n<p>Si nos ha remitido datos personales que desea que eliminemos de nuestra base de datos o de la base de datos de nuestro Proveedor de servicios, p\u00f3ngase en contacto con nosotros a trav\u00e9s de <a href=\"mailto:iol_enquiries@rayner.com\">iol_enquiries@rayner.com<\/a><\/p>\n<p>Si nos ha remitido datos de contacto personales que no desea que utilicemos para enviarle material promocional, deber\u00e1 ponerse en contacto con nosotros a trav\u00e9s de la direcci\u00f3n de correo electr\u00f3nico anterior. Puede optar por no recibir dicho material en cualquier momento.<\/p>\n<p>&nbsp;<\/p>\n<h5><strong>4. Actualizaci\u00f3n de la informaci\u00f3n personal<\/strong><\/h5>\n<p>En aquellos casos en los que sea necesario actualizar la informaci\u00f3n remitida a trav\u00e9s del Sitio, los cambios se nos deber\u00e1n notificar a la direcci\u00f3n de correo electr\u00f3nico anterior.<\/p>\n<p>&nbsp;<\/p>\n<h5><strong>5. Revelaci\u00f3n de la informaci\u00f3n<\/strong><\/h5>\n<p>Es posible que compartamos su informaci\u00f3n personal con alg\u00fan miembro de nuestro grupo (es decir, nuestras filiales, nuestra compa\u00f1\u00eda matriz y sus filiales) de acuerdo con lo establecido en la secci\u00f3n 1159 de la Ley de sociedades de 2006 del Reino Unido.<\/p>\n<p>Es posible que compartamos informaci\u00f3n con terceros seleccionados, como:<\/p>\n<ul>\n<li>Proveedores de servicios que prestan servicios de administraci\u00f3n de sistemas e inform\u00e1tica.<\/li>\n<li>Asesores profesionales, como abogados, banqueros, auditores y aseguradoras que proporcionen servicios de asesoramiento, bancarios, legales, de contabilidad y de seguros.<\/li>\n<li>Las Autoridades Fiscales del Reino Unido (HM Revenue &amp; Customs) y otras autoridades que requieran informes sobre actividades de procesamiento en determinadas circunstancias.<\/li>\n<li>Proveedores de an\u00e1lisis y motores de b\u00fasqueda que nos ayudan a mejorar y optimizar el Sitio.<\/li>\n<\/ul>\n<p>Podemos divulgar su informaci\u00f3n personal a terceros:<\/p>\n<ul>\n<li>En el caso de que vendamos o compremos cualquier empresa o activo, en cuyo caso podemos revelar sus datos personales al comprador o vendedor potencial de los mismos.<\/li>\n<li>Si un tercero adquiere Rayner o una parte sustancial de sus activos, en cuyo caso los datos personales de los usuarios que mantenemos ser\u00e1n parte de los activos transferidos.<\/li>\n<li>Si estuvi\u00e9ramos bajo la obligaci\u00f3n de revelar o compartir sus datos personales con el fin de cumplir cualquier obligaci\u00f3n legal o hacer cumplir o aplicar nuestros T\u00e9rminos de uso y otros acuerdos, o bien proteger los derechos, propiedad o seguridad de Rayner Intraocular Lenses Limited, nuestros clientes o terceros.<\/li>\n<\/ul>\n<p>Exigimos a todas las terceras partes que respeten la seguridad de nuestros datos personales y los traten de acuerdo con la ley. No permitimos a nuestros proveedores de servicios de terceros que utilicen nuestros datos personales para sus propios fines y solo les permitimos procesar sus datos personales para fines espec\u00edficos y de acuerdo con nuestras instrucciones.<\/p>\n<p>&nbsp;<\/p>\n<h5><strong>6. Transferencias internacionales<\/strong><\/h5>\n<p>Por lo general, no transferimos sus datos personales fuera del Espacio Econ\u00f3mico Europeo (EEE). La excepci\u00f3n a esta regla general son los datos personales suministrados en relaci\u00f3n con una consulta de producto correspondiente a una jurisdicci\u00f3n fuera del EEE. En tales circunstancias, proporcionaremos dichos datos personales (incluidos los detalles de contacto y el nombre) a nuestro distribuidor autorizado en la jurisdicci\u00f3n pertinente.<\/p>\n<p>&nbsp;<\/p>\n<h5><strong>7. Seguridad y filtraci\u00f3n de los datos<\/strong><\/h5>\n<p>Hemos aplicado las medidas de seguridad apropiadas para impedir la p\u00e9rdida accidental, uso o acceso no autorizado, alteraci\u00f3n o revelaci\u00f3n a terceros de los datos personales. Asimismo, el acceso a los datos personales est\u00e1 restringido exclusivamente a aquellos empleados, agentes, contratistas o terceros con una necesidad comercial leg\u00edtima de conocerlos. Solo procesar\u00e1n sus datos personales seg\u00fan nuestras instrucciones y est\u00e1n sujetos a un deber y obligaci\u00f3n de confidencialidad.<\/p>\n<p>Hemos aplicado procedimientos para abordar cualquier posible violaci\u00f3n de los datos personales y le notificaremos a usted y cualquier otro regulador aplicable en caso de una infracci\u00f3n en aquellos casos en los que la ley as\u00ed nos lo exija.<\/p>\n<p>&nbsp;<\/p>\n<h5><strong>8. Retenci\u00f3n de datos<\/strong><\/h5>\n<p>Por motivos fiscales, la legislaci\u00f3n nos obliga a almacenar cierta informaci\u00f3n b\u00e1sica sobre nuestros clientes (lo que incluye datos de contacto e identidad, financieros y transaccionales) durante seis a\u00f1os despu\u00e9s de que hayan dejado de ser nuestros clientes.<\/p>\n<p>En determinadas circunstancias, podr\u00e1 pedirnos que borremos sus datos: consulte los derechos legales que le asisten (a continuaci\u00f3n) para obtener m\u00e1s informaci\u00f3n.<\/p>\n<p>En algunos casos, anonimizaremos sus datos personales (de forma que ya no se le puedan asociar) a efectos de investigaci\u00f3n y an\u00e1lisis estad\u00edsticos, en cuyo caso podremos utilizar dicha informaci\u00f3n de forma indefinida sin necesidad de informarle.<\/p>\n<p>&nbsp;<\/p>\n<h5><strong>9. Sus derechos legales<\/strong><\/h5>\n<p>Bajo determinadas circunstancias, tendr\u00e1 derechos bajo las leyes de protecci\u00f3n de datos en relaci\u00f3n con sus datos personales. Haga clic en los siguientes v\u00ednculos para obtener m\u00e1s informaci\u00f3n sobre dichos derechos: o Solicite acceso a sus datos personales.<\/p>\n<ul>\n<li>Solicitud de correcci\u00f3n de sus datos personales.<\/li>\n<li>Solicitud de borrado de sus datos personales.<\/li>\n<li>Objeci\u00f3n al procesamiento de sus datos personales.<\/li>\n<li>Solicitud de restricci\u00f3n del procesamiento de sus datos personales.<\/li>\n<li>Solicitud de transferencia de sus datos personales.<\/li>\n<li>Derecho a retirar su consentimiento.<\/li>\n<\/ul>\n<p>Si desea ejercitar alguno de los derechos definidos anteriormente, p\u00f3ngase en contacto con nosotros a trav\u00e9s de <a href=\"mailto:iol_enquiries@rayner.com\">iol_enquiries@rayner.com<\/a>.<\/p>\n<h5><strong>Servicio no sujeto a tarifa en la mayor\u00eda de los casos<\/strong><\/h5>\n<p>No aplicaremos ning\u00fan cargo al acceder a sus datos personales (o para ejercer cualquiera de los otros derechos). Sin embargo, quiz\u00e1 apliquemos una tarifa razonable si su solicitud carece de fundamento de forma manifiesta, es repetitiva o excesiva. Como alternativa, bajo estas circunstancias podr\u00edamos denegar su solicitud.<\/p>\n<h5><strong>Requisitos que podr\u00edamos exigirle<\/strong><\/h5>\n<p>Quiz\u00e1 le solicitemos informaci\u00f3n espec\u00edfica que nos ayude a confirmar su identidad y garantizar su derecho de acceso a los datos personales (o a ejercitar cualquier otro de sus derechos). Se trata de una medida de seguridad para garantizar que los datos no se revelen a ninguna persona sin la autorizaci\u00f3n necesaria. Tambi\u00e9n podr\u00edamos ponernos en contacto con usted para obtener m\u00e1s informaci\u00f3n en relaci\u00f3n con su solicitud y acelerar de esta forma nuestra respuesta.<\/p>\n<h5><strong>Plazo de respuesta<\/strong><\/h5>\n<p>Intentaremos responder a cualquier solicitud leg\u00edtima en el plazo de un mes. Ocasionalmente, podr\u00eda superarse dicho plazo si la solicitud es demasiado compleja o se han realizado varias solicitudes. En este caso, se lo notificaremos y le mantendremos informado.<\/p>\n<p>&nbsp;<\/p>\n<h5><strong>10. V\u00ednculos a sitios web de terceros<\/strong><\/h5>\n<p>El sitio contiene v\u00ednculos u otras referencias a sitios web publicados por terceros. Dichos sitios web no est\u00e1n bajo nuestro control, por lo que no nos hacemos responsables de la recopilaci\u00f3n y uso de su informaci\u00f3n en dichos sitios.<\/p>\n<h5><\/h5>\n<h5><strong>11. Informaci\u00f3n de contacto<\/strong><\/h5>\n<p>Si tiene alguna pregunta sobre nuestra pol\u00edtica de privacidad, escr\u00edbanos a Rayner Intraocular Lenses Limited, 10 Dominion Way, Worthing, West Sussex BN14 8AQ o, como alternativa, env\u00edenos un correo electr\u00f3nico a <a href=\"mailto:iol_enquiries@rayner.com\">enquiries@rayner.com<\/a><\/p>\n<p>\u00a9 2023 Rayner Group<\/p>\n","protected":false},"excerpt":{"rendered":"<p>Pol\u00edtica de privacidad POL\u00cdTICA DE PRIVACIDAD DEL SITIO WEB DE RAYNER &nbsp; No se registre en este sitio si no desea que procesemos su informaci\u00f3n tal y como se describe en esta pol\u00edtica. Antes de introducir los datos de otra persona en este Sitio, aseg\u00farese de obtener su consentimiento. Rayner Intraocular Lenses Limited (\u201cRayner\u201d) realiza\u2026 <a href=\"https:\/\/yourvisionyourworld.com\/es\/politica-de-privacidad\/\">Read more<\/a><\/p>\n","protected":false},"author":4,"featured_media":0,"parent":0,"menu_order":100,"comment_status":"closed","ping_status":"closed","template":"page-basic.php","meta":{"inline_featured_image":false},"tags":[],"acf":[],"yoast_head":"<!-- This site is optimized with the Yoast SEO plugin v20.6 - https:\/\/yoast.com\/wordpress\/plugins\/seo\/ -->\n<title>Pol\u00edtica de privacidad -<\/title>\n<meta name=\"description\" content=\"This Privacy Policy describes Our policies and procedures on the collection, use and disclosure of Your information when You use the Service and tells You about Your privacy rights and how the law protects You.\" \/>\n<meta name=\"robots\" content=\"index, follow, max-snippet:-1, max-image-preview:large, max-video-preview:-1\" \/>\n<link rel=\"canonical\" href=\"https:\/\/yourvisionyourworld.com\/es\/politica-de-privacidad\/\" \/>\n<meta property=\"og:locale\" content=\"en_GB\" \/>\n<meta property=\"og:type\" content=\"article\" \/>\n<meta property=\"og:title\" content=\"Pol\u00edtica de privacidad -\" \/>\n<meta property=\"og:description\" content=\"This Privacy Policy describes Our policies and procedures on the collection, use and disclosure of Your information when You use the Service and tells You about Your privacy rights and how the law protects You.\" \/>\n<meta property=\"og:url\" content=\"https:\/\/yourvisionyourworld.com\/es\/politica-de-privacidad\/\" \/>\n<meta property=\"og:site_name\" content=\"Your Vision. Your World - ES\" \/>\n<meta property=\"article:modified_time\" content=\"2023-03-14T15:42:33+00:00\" \/>\n<meta name=\"twitter:card\" content=\"summary_large_image\" \/>\n<meta name=\"twitter:label1\" content=\"Estimated reading time\" \/>\n\t<meta name=\"twitter:data1\" content=\"10 minutes\" \/>\n<script type=\"application\/ld+json\" class=\"yoast-schema-graph\">{\"@context\":\"https:\/\/schema.org\",\"@graph\":[{\"@type\":\"WebPage\",\"@id\":\"https:\/\/yourvisionyourworld.com\/es\/politica-de-privacidad\/\",\"url\":\"https:\/\/yourvisionyourworld.com\/es\/politica-de-privacidad\/\",\"name\":\"Pol\u00edtica de privacidad -\",\"isPartOf\":{\"@id\":\"https:\/\/yourvisionyourworld.com\/es\/#website\"},\"datePublished\":\"2020-05-05T14:40:45+00:00\",\"dateModified\":\"2023-03-14T15:42:33+00:00\",\"description\":\"This Privacy Policy describes Our policies and procedures on the collection, use and disclosure of Your information when You use the Service and tells You about Your privacy rights and how the law protects You.\",\"breadcrumb\":{\"@id\":\"https:\/\/yourvisionyourworld.com\/es\/politica-de-privacidad\/#breadcrumb\"},\"inLanguage\":\"en-GB\",\"potentialAction\":[{\"@type\":\"ReadAction\",\"target\":[\"https:\/\/yourvisionyourworld.com\/es\/politica-de-privacidad\/\"]}]},{\"@type\":\"BreadcrumbList\",\"@id\":\"https:\/\/yourvisionyourworld.com\/es\/politica-de-privacidad\/#breadcrumb\",\"itemListElement\":[{\"@type\":\"ListItem\",\"position\":1,\"name\":\"Home\",\"item\":\"https:\/\/yourvisionyourworld.com\/es\/\"},{\"@type\":\"ListItem\",\"position\":2,\"name\":\"Pol\u00edtica de privacidad\"}]},{\"@type\":\"WebSite\",\"@id\":\"https:\/\/yourvisionyourworld.com\/es\/#website\",\"url\":\"https:\/\/yourvisionyourworld.com\/es\/\",\"name\":\"Your Vision. Your World - ES\",\"description\":\"\",\"potentialAction\":[{\"@type\":\"SearchAction\",\"target\":{\"@type\":\"EntryPoint\",\"urlTemplate\":\"https:\/\/yourvisionyourworld.com\/es\/?s={search_term_string}\"},\"query-input\":\"required name=search_term_string\"}],\"inLanguage\":\"en-GB\"}]}<\/script>\n<!-- \/ Yoast SEO plugin. -->","yoast_head_json":{"title":"Pol\u00edtica de privacidad -","description":"This Privacy Policy describes Our policies and procedures on the collection, use and disclosure of Your information when You use the Service and tells You about Your privacy rights and how the law protects You.","robots":{"index":"index","follow":"follow","max-snippet":"max-snippet:-1","max-image-preview":"max-image-preview:large","max-video-preview":"max-video-preview:-1"},"canonical":"https:\/\/yourvisionyourworld.com\/es\/politica-de-privacidad\/","og_locale":"en_GB","og_type":"article","og_title":"Pol\u00edtica de privacidad -","og_description":"This Privacy Policy describes Our policies and procedures on the collection, use and disclosure of Your information when You use the Service and tells You about Your privacy rights and how the law protects You.","og_url":"https:\/\/yourvisionyourworld.com\/es\/politica-de-privacidad\/","og_site_name":"Your Vision. Your World - ES","article_modified_time":"2023-03-14T15:42:33+00:00","twitter_card":"summary_large_image","twitter_misc":{"Estimated reading time":"10 minutes"},"schema":{"@context":"https:\/\/schema.org","@graph":[{"@type":"WebPage","@id":"https:\/\/yourvisionyourworld.com\/es\/politica-de-privacidad\/","url":"https:\/\/yourvisionyourworld.com\/es\/politica-de-privacidad\/","name":"Pol\u00edtica de privacidad -","isPartOf":{"@id":"https:\/\/yourvisionyourworld.com\/es\/#website"},"datePublished":"2020-05-05T14:40:45+00:00","dateModified":"2023-03-14T15:42:33+00:00","description":"This Privacy Policy describes Our policies and procedures on the collection, use and disclosure of Your information when You use the Service and tells You about Your privacy rights and how the law protects You.","breadcrumb":{"@id":"https:\/\/yourvisionyourworld.com\/es\/politica-de-privacidad\/#breadcrumb"},"inLanguage":"en-GB","potentialAction":[{"@type":"ReadAction","target":["https:\/\/yourvisionyourworld.com\/es\/politica-de-privacidad\/"]}]},{"@type":"BreadcrumbList","@id":"https:\/\/yourvisionyourworld.com\/es\/politica-de-privacidad\/#breadcrumb","itemListElement":[{"@type":"ListItem","position":1,"name":"Home","item":"https:\/\/yourvisionyourworld.com\/es\/"},{"@type":"ListItem","position":2,"name":"Pol\u00edtica de privacidad"}]},{"@type":"WebSite","@id":"https:\/\/yourvisionyourworld.com\/es\/#website","url":"https:\/\/yourvisionyourworld.com\/es\/","name":"Your Vision. Your World - ES","description":"","potentialAction":[{"@type":"SearchAction","target":{"@type":"EntryPoint","urlTemplate":"https:\/\/yourvisionyourworld.com\/es\/?s={search_term_string}"},"query-input":"required name=search_term_string"}],"inLanguage":"en-GB"}]}},"_links":{"self":[{"href":"https:\/\/yourvisionyourworld.com\/es\/wp-json\/wp\/v2\/pages\/3"}],"collection":[{"href":"https:\/\/yourvisionyourworld.com\/es\/wp-json\/wp\/v2\/pages"}],"about":[{"href":"https:\/\/yourvisionyourworld.com\/es\/wp-json\/wp\/v2\/types\/page"}],"author":[{"embeddable":true,"href":"https:\/\/yourvisionyourworld.com\/es\/wp-json\/wp\/v2\/users\/4"}],"replies":[{"embeddable":true,"href":"https:\/\/yourvisionyourworld.com\/es\/wp-json\/wp\/v2\/comments?post=3"}],"version-history":[{"count":15,"href":"https:\/\/yourvisionyourworld.com\/es\/wp-json\/wp\/v2\/pages\/3\/revisions"}],"predecessor-version":[{"id":5516,"href":"https:\/\/yourvisionyourworld.com\/es\/wp-json\/wp\/v2\/pages\/3\/revisions\/5516"}],"wp:attachment":[{"href":"https:\/\/yourvisionyourworld.com\/es\/wp-json\/wp\/v2\/media?parent=3"}],"wp:term":[{"taxonomy":"post_tag","embeddable":true,"href":"https:\/\/yourvisionyourworld.com\/es\/wp-json\/wp\/v2\/tags?post=3"}],"curies":[{"name":"wp","href":"https:\/\/api.w.org\/{rel}","templated":true}]}}