{"id":4155,"date":"2022-03-10T10:50:18","date_gmt":"2022-03-10T10:50:18","guid":{"rendered":"https:\/\/yourvisionyourworld.com\/br\/?page_id=4155"},"modified":"2023-05-02T11:07:33","modified_gmt":"2023-05-02T11:07:33","slug":"uso-de-cookies","status":"publish","type":"page","link":"https:\/\/yourvisionyourworld.com\/br\/uso-de-cookies\/","title":{"rendered":"Uso de Cookies"},"content":{"rendered":"<h1>Uso de Cookies<\/h1>\n<p>Nosso site (\u201co Site\u201d) usa cookies para diferenci\u00e1-lo de outros usu\u00e1rios do Site. Isso nos ajuda a proporcionar uma boa experi\u00eancia ao navegar no Site e tamb\u00e9m nos permite melhorar nosso site. Ao continuar navegando no Site, voc\u00ea concorda com o uso de cookies.<\/p>\n<p>Um cookie \u00e9 um pequeno arquivo de letras e n\u00fameros que armazenamos no seu navegador ou no disco r\u00edgido do seu computador, se voc\u00ea concordar. Os cookies cont\u00eam informa\u00e7\u00f5es que s\u00e3o transferidas para o disco r\u00edgido do seu computador.<\/p>\n<p>Usamos os seguintes cookies:<\/p>\n<ul>\n<li><strong>Cookies estritamente necess\u00e1rios.<\/strong> Estes s\u00e3o os cookies necess\u00e1rios para o funcionamento do Site. Eles incluem, por exemplo, cookies que permitem que voc\u00ea fa\u00e7a login em \u00e1reas seguras do Site.<\/li>\n<li><strong>Cookies anal\u00edticos\/de desempenho.<\/strong> Eles nos permitem reconhecer e contar o n\u00famero de visitantes e ver como os visitantes se movem pelo Site quando o est\u00e3o usando. Isso nos ajuda a melhorar a maneira como o Site funciona, por exemplo, garantindo que os usu\u00e1rios encontrem o que procuram com facilidade.<\/li>\n<li><strong>Cookies de funcionalidade.<\/strong> Eles s\u00e3o usados para reconhec\u00ea-lo quando voc\u00ea retornar ao Site. Isso nos permite personalizar nosso conte\u00fado para voc\u00ea, cumpriment\u00e1-lo pelo nome e lembrar suas prefer\u00eancias.<\/li>\n<li><strong>Cookies de segmenta\u00e7\u00e3o.<\/strong> Esses cookies registram sua visita ao Site, as p\u00e1ginas que voc\u00ea visitou e os links que voc\u00ea seguiu. Usaremos essas informa\u00e7\u00f5es para tornar o Site mais relevante para seus interesses. Tamb\u00e9m podemos compartilhar essas informa\u00e7\u00f5es com terceiros para esse fim.<\/li>\n<\/ul>\n<p>Observe que terceiros (incluindo, por exemplo, redes de publicidade e provedores de servi\u00e7os externos, como servi\u00e7os de an\u00e1lise de tr\u00e1fego da web) tamb\u00e9m podem usar cookies, sobre os quais n\u00e3o temos controle. Esses cookies provavelmente s\u00e3o cookies anal\u00edticos\/de desempenho ou cookies de direcionamento.<\/p>\n<p>Voc\u00ea bloqueia os cookies ativando a configura\u00e7\u00e3o em seu navegador que permite recusar a configura\u00e7\u00e3o de todos ou alguns cookies. No entanto, se voc\u00ea usar as configura\u00e7\u00f5es do navegador para bloquear todos os cookies (incluindo cookies essenciais), talvez n\u00e3o consiga acessar todo ou partes do Site.<\/p>\n<p>\u00a9 2022. Rayner Intraocular Lenses Limited<\/p>\n","protected":false},"excerpt":{"rendered":"<p>Uso de Cookies Nosso site (\u201co Site\u201d) usa cookies para diferenci\u00e1-lo de outros usu\u00e1rios do Site. Isso nos ajuda a proporcionar uma boa experi\u00eancia ao navegar no Site e tamb\u00e9m nos permite melhorar nosso site. Ao continuar navegando no Site, voc\u00ea concorda com o uso de cookies. Um cookie \u00e9 um pequeno arquivo de letras\u2026 <a href=\"https:\/\/yourvisionyourworld.com\/br\/uso-de-cookies\/\">Read more<\/a><\/p>\n","protected":false},"author":5,"featured_media":0,"parent":0,"menu_order":0,"comment_status":"closed","ping_status":"closed","template":"page-basic.php","meta":{"inline_featured_image":false},"tags":[],"acf":[],"yoast_head":"<!-- This site is optimized with the Yoast SEO plugin v20.6 - https:\/\/yoast.com\/wordpress\/plugins\/seo\/ -->\n<title>Uso de Cookies - Your Vision. Your World - BR<\/title>\n<meta name=\"robots\" content=\"index, follow, max-snippet:-1, max-image-preview:large, max-video-preview:-1\" \/>\n<link rel=\"canonical\" href=\"https:\/\/yourvisionyourworld.com\/br\/uso-de-cookies\/\" \/>\n<meta property=\"og:locale\" content=\"en_GB\" \/>\n<meta property=\"og:type\" content=\"article\" \/>\n<meta property=\"og:title\" content=\"Uso de Cookies - Your Vision. Your World - BR\" \/>\n<meta property=\"og:description\" content=\"Uso de Cookies Nosso site (\u201co Site\u201d) usa cookies para diferenci\u00e1-lo de outros usu\u00e1rios do Site. Isso nos ajuda a proporcionar uma boa experi\u00eancia ao navegar no Site e tamb\u00e9m nos permite melhorar nosso site. Ao continuar navegando no Site, voc\u00ea concorda com o uso de cookies. Um cookie \u00e9 um pequeno arquivo de letras\u2026 Read more\" \/>\n<meta property=\"og:url\" content=\"https:\/\/yourvisionyourworld.com\/br\/uso-de-cookies\/\" \/>\n<meta property=\"og:site_name\" content=\"Your Vision. Your World - BR\" \/>\n<meta property=\"article:modified_time\" content=\"2023-05-02T11:07:33+00:00\" \/>\n<meta name=\"twitter:card\" content=\"summary_large_image\" \/>\n<meta name=\"twitter:label1\" content=\"Estimated reading time\" \/>\n\t<meta name=\"twitter:data1\" content=\"2 minutes\" \/>\n<script type=\"application\/ld+json\" class=\"yoast-schema-graph\">{\"@context\":\"https:\/\/schema.org\",\"@graph\":[{\"@type\":\"WebPage\",\"@id\":\"https:\/\/yourvisionyourworld.com\/br\/uso-de-cookies\/\",\"url\":\"https:\/\/yourvisionyourworld.com\/br\/uso-de-cookies\/\",\"name\":\"Uso de Cookies - Your Vision. Your World - BR\",\"isPartOf\":{\"@id\":\"https:\/\/yourvisionyourworld.com\/br\/#website\"},\"datePublished\":\"2022-03-10T10:50:18+00:00\",\"dateModified\":\"2023-05-02T11:07:33+00:00\",\"breadcrumb\":{\"@id\":\"https:\/\/yourvisionyourworld.com\/br\/uso-de-cookies\/#breadcrumb\"},\"inLanguage\":\"en-GB\",\"potentialAction\":[{\"@type\":\"ReadAction\",\"target\":[\"https:\/\/yourvisionyourworld.com\/br\/uso-de-cookies\/\"]}]},{\"@type\":\"BreadcrumbList\",\"@id\":\"https:\/\/yourvisionyourworld.com\/br\/uso-de-cookies\/#breadcrumb\",\"itemListElement\":[{\"@type\":\"ListItem\",\"position\":1,\"name\":\"Home\",\"item\":\"https:\/\/yourvisionyourworld.com\/br\/\"},{\"@type\":\"ListItem\",\"position\":2,\"name\":\"Uso de Cookies\"}]},{\"@type\":\"WebSite\",\"@id\":\"https:\/\/yourvisionyourworld.com\/br\/#website\",\"url\":\"https:\/\/yourvisionyourworld.com\/br\/\",\"name\":\"Your Vision. Your World - BR\",\"description\":\"\",\"potentialAction\":[{\"@type\":\"SearchAction\",\"target\":{\"@type\":\"EntryPoint\",\"urlTemplate\":\"https:\/\/yourvisionyourworld.com\/br\/?s={search_term_string}\"},\"query-input\":\"required name=search_term_string\"}],\"inLanguage\":\"en-GB\"}]}<\/script>\n<!-- \/ Yoast SEO plugin. -->","yoast_head_json":{"title":"Uso de Cookies - Your Vision. Your World - BR","robots":{"index":"index","follow":"follow","max-snippet":"max-snippet:-1","max-image-preview":"max-image-preview:large","max-video-preview":"max-video-preview:-1"},"canonical":"https:\/\/yourvisionyourworld.com\/br\/uso-de-cookies\/","og_locale":"en_GB","og_type":"article","og_title":"Uso de Cookies - Your Vision. Your World - BR","og_description":"Uso de Cookies Nosso site (\u201co Site\u201d) usa cookies para diferenci\u00e1-lo de outros usu\u00e1rios do Site. Isso nos ajuda a proporcionar uma boa experi\u00eancia ao navegar no Site e tamb\u00e9m nos permite melhorar nosso site. Ao continuar navegando no Site, voc\u00ea concorda com o uso de cookies. Um cookie \u00e9 um pequeno arquivo de letras\u2026 Read more","og_url":"https:\/\/yourvisionyourworld.com\/br\/uso-de-cookies\/","og_site_name":"Your Vision. Your World - BR","article_modified_time":"2023-05-02T11:07:33+00:00","twitter_card":"summary_large_image","twitter_misc":{"Estimated reading time":"2 minutes"},"schema":{"@context":"https:\/\/schema.org","@graph":[{"@type":"WebPage","@id":"https:\/\/yourvisionyourworld.com\/br\/uso-de-cookies\/","url":"https:\/\/yourvisionyourworld.com\/br\/uso-de-cookies\/","name":"Uso de Cookies - Your Vision. Your World - BR","isPartOf":{"@id":"https:\/\/yourvisionyourworld.com\/br\/#website"},"datePublished":"2022-03-10T10:50:18+00:00","dateModified":"2023-05-02T11:07:33+00:00","breadcrumb":{"@id":"https:\/\/yourvisionyourworld.com\/br\/uso-de-cookies\/#breadcrumb"},"inLanguage":"en-GB","potentialAction":[{"@type":"ReadAction","target":["https:\/\/yourvisionyourworld.com\/br\/uso-de-cookies\/"]}]},{"@type":"BreadcrumbList","@id":"https:\/\/yourvisionyourworld.com\/br\/uso-de-cookies\/#breadcrumb","itemListElement":[{"@type":"ListItem","position":1,"name":"Home","item":"https:\/\/yourvisionyourworld.com\/br\/"},{"@type":"ListItem","position":2,"name":"Uso de Cookies"}]},{"@type":"WebSite","@id":"https:\/\/yourvisionyourworld.com\/br\/#website","url":"https:\/\/yourvisionyourworld.com\/br\/","name":"Your Vision. Your World - BR","description":"","potentialAction":[{"@type":"SearchAction","target":{"@type":"EntryPoint","urlTemplate":"https:\/\/yourvisionyourworld.com\/br\/?s={search_term_string}"},"query-input":"required name=search_term_string"}],"inLanguage":"en-GB"}]}},"_links":{"self":[{"href":"https:\/\/yourvisionyourworld.com\/br\/wp-json\/wp\/v2\/pages\/4155"}],"collection":[{"href":"https:\/\/yourvisionyourworld.com\/br\/wp-json\/wp\/v2\/pages"}],"about":[{"href":"https:\/\/yourvisionyourworld.com\/br\/wp-json\/wp\/v2\/types\/page"}],"author":[{"embeddable":true,"href":"https:\/\/yourvisionyourworld.com\/br\/wp-json\/wp\/v2\/users\/5"}],"replies":[{"embeddable":true,"href":"https:\/\/yourvisionyourworld.com\/br\/wp-json\/wp\/v2\/comments?post=4155"}],"version-history":[{"count":2,"href":"https:\/\/yourvisionyourworld.com\/br\/wp-json\/wp\/v2\/pages\/4155\/revisions"}],"predecessor-version":[{"id":5564,"href":"https:\/\/yourvisionyourworld.com\/br\/wp-json\/wp\/v2\/pages\/4155\/revisions\/5564"}],"wp:attachment":[{"href":"https:\/\/yourvisionyourworld.com\/br\/wp-json\/wp\/v2\/media?parent=4155"}],"wp:term":[{"taxonomy":"post_tag","embeddable":true,"href":"https:\/\/yourvisionyourworld.com\/br\/wp-json\/wp\/v2\/tags?post=4155"}],"curies":[{"name":"wp","href":"https:\/\/api.w.org\/{rel}","templated":true}]}}