{"id":3,"date":"2020-05-05T14:40:45","date_gmt":"2020-05-05T14:40:45","guid":{"rendered":"http:\/\/localhost:8888\/zona\/?page_id=3"},"modified":"2023-05-02T11:08:50","modified_gmt":"2023-05-02T11:08:50","slug":"politica-de-privacidade","status":"publish","type":"page","link":"https:\/\/yourvisionyourworld.com\/br\/politica-de-privacidade\/","title":{"rendered":"Pol\u00edtica de Privacidade"},"content":{"rendered":"<h1>Pol\u00edtica de Privacidade<\/h1>\n<p>Por favor, n\u00e3o se registre neste site se n\u00e3o desejar que as informa\u00e7\u00f5es sejam processadas por n\u00f3s, conforme descrito nesta pol\u00edtica. Certifique-se de ter o consentimento antes de inserir os dados pessoais de outra pessoa neste site.<\/p>\n<p>Este site <a href=\"https:\/\/staging.yourvisionyourworld.com\/pt\">https:\/\/yourvisionyourworld.com\/br<\/a> (\u201co Site\u201d) \u00e9 produzido e operado pela Rayner Intraocular Lenses Limited (\u201cRayner\u201d). Para efeitos do Regulamento Geral de Prote\u00e7\u00e3o de Dados [EC 2016\/679], o controlador de dados \u00e9 Rayner, cuja sede social \u00e9 em 10 Dominion Way, Worthing, West Sussex BN14 8AQ.<\/p>\n<p>Temos o compromisso de proteger sua privacidade.<\/p>\n<p>Esta pol\u00edtica (juntamente com nossos Termos de Uso e quaisquer outros documentos mencionados nela) estabelece a base sobre a qual quaisquer dados pessoais que coletamos de voc\u00ea, ou que voc\u00ea nos fornece, ser\u00e3o processados por n\u00f3s. Leia atentamente o seguinte para entender nossas opini\u00f5es e pr\u00e1ticas em rela\u00e7\u00e3o aos seus dados pessoais e como os trataremos. Ao usar o Site, voc\u00ea aceita e consente com as pr\u00e1ticas descritas nesta pol\u00edtica.<\/p>\n<p>Revemos nossas pr\u00e1ticas de privacidade de tempos em tempos e \u00e9 importante, portanto, que voc\u00ea marque e revise periodicamente quaisquer atualiza\u00e7\u00f5es desta pol\u00edtica. Esta vers\u00e3o foi atualizada pela \u00faltima vez em 14 de mar\u00e7o de 2019.<\/p>\n<p>&nbsp;<\/p>\n<h5><strong>1. As informa\u00e7\u00f5es que coletamos<\/strong><\/h5>\n<p>As informa\u00e7\u00f5es sobre ou fornecidas pelos usu\u00e1rios do Site n\u00e3o s\u00e3o coletadas diretamente por n\u00f3s. As informa\u00e7\u00f5es s\u00e3o coletadas por meio de um terceiro contratado (\u201cProvedor de Servi\u00e7os\u201d) em nosso nome. O provedor de servi\u00e7os \u00e9 um controlador de dados registrado. O Provedor de Servi\u00e7os usa uma s\u00e9rie de medidas de seguran\u00e7a, incluindo o software Secure Sockets Layer (SSL), que criptografa e garante a seguran\u00e7a de qualquer informa\u00e7\u00e3o que voc\u00ea inserir usando o Site. O provedor de servi\u00e7os est\u00e1 sediado no Reino Unido.<\/p>\n<p>As seguintes informa\u00e7\u00f5es s\u00e3o coletadas de duas maneiras, direta e indiretamente:-<\/p>\n<h5>Coleta direta de informa\u00e7\u00f5es<\/h5>\n<p>As informa\u00e7\u00f5es pessoais s\u00e3o coletadas diretamente quando, por exemplo, voc\u00ea se registra no Site, preenche formul\u00e1rios on-line ou se corresponde conosco por correio, telefone ou e-mail. Informa\u00e7\u00f5es pessoais s\u00e3o informa\u00e7\u00f5es a partir das quais voc\u00ea ou outra pessoa podem ser identificados, por exemplo, nome, endere\u00e7o ou data de nascimento. Isso inclui dados pessoais fornecidos por voc\u00ea quando:<\/p>\n<ul>\n<li>criar uma conta em nosso Site;<\/li>\n<li>subscrever o nosso servi\u00e7o ou publica\u00e7\u00f5es;<\/li>\n<li>solicitar que o marketing seja enviado a voc\u00ea;<\/li>\n<li>entrar em uma competi\u00e7\u00e3o, promo\u00e7\u00e3o ou pesquisa; ou nos d\u00ea feedback ou entre em contato conosco.<\/li>\n<\/ul>\n<h5><strong>Informa\u00e7\u00f5es indiretas<br \/>\n<\/strong><\/h5>\n<p>A coleta de informa\u00e7\u00f5es de rastreamento \u00e9 obtida indiretamente quando voc\u00ea acessa o Site. Essas informa\u00e7\u00f5es s\u00e3o coletadas automaticamente. Em cada uma de suas visitas ao Site, podemos coletar automaticamente as seguintes informa\u00e7\u00f5es:<\/p>\n<ul>\n<li>informa\u00e7\u00f5es t\u00e9cnicas, incluindo o endere\u00e7o de protocolo da Internet (IP) usado para conectar seu computador \u00e0 Internet, suas informa\u00e7\u00f5es de login, tipo e vers\u00e3o do navegador, configura\u00e7\u00e3o de fuso hor\u00e1rio, tipos e vers\u00f5es de plug-in do navegador, sistema operacional e plataforma;<\/li>\n<li>informa\u00e7\u00f5es sobre sua visita, incluindo o fluxo de cliques completo do Uniform Resource Locators (URL) para, atrav\u00e9s e do Site (incluindo data e hora); produtos que voc\u00ea visualizou ou pesquisou; tempos de resposta da p\u00e1gina, erros de download, dura\u00e7\u00e3o das visitas a determinadas p\u00e1ginas, informa\u00e7\u00f5es de intera\u00e7\u00e3o da p\u00e1gina (como rolagem, cliques e passagens do mouse) e m\u00e9todos usados para sair de uma p\u00e1gina.<\/li>\n<\/ul>\n<p>As informa\u00e7\u00f5es de rastreamento s\u00e3o coletadas usando \u201ccookies\u201d ou pequenos arquivos de dados que podem ser usados, por exemplo, para rastrear as p\u00e1ginas que voc\u00ea visita. Embora os cookies n\u00e3o contenham informa\u00e7\u00f5es pessoais sobre voc\u00ea, eles s\u00e3o exclusivos para cada usu\u00e1rio do Site, para que os computadores do Site possam distinguir entre os usu\u00e1rios. Para obter informa\u00e7\u00f5es detalhadas sobre os cookies que usamos e as finalidades para as quais os usamos, consulte nossa Pol\u00edtica de Cookies.<\/p>\n<p>Tamb\u00e9m coletamos, usamos e compartilhamos<strong> Dados Agregados<\/strong>, como dados estat\u00edsticos ou demogr\u00e1ficos, para qualquer finalidade. Dados agregados podem ser derivados de seus dados pessoais, mas n\u00e3o s\u00e3o considerados dados pessoais por lei, pois esses dados n\u00e3o revelar\u00e3o direta ou indiretamente sua identidade. Por exemplo, podemos agregar seus dados de uso para calcular a porcentagem de usu\u00e1rios que acessam um recurso espec\u00edfico do site. No entanto, se combinarmos ou conectarmos Dados Agregados com seus dados pessoais para que possam identific\u00e1-lo direta ou indiretamente, trataremos os dados combinados como dados pessoais que ser\u00e3o usados de acordo com esta pol\u00edtica de privacidade.<\/p>\n<p>N\u00e3o coletamos nenhuma categoria especial de dados pessoais sobre voc\u00ea (isso inclui detalhes sobre sua ra\u00e7a ou etnia, cren\u00e7as religiosas ou filos\u00f3ficas, vida sexual, orienta\u00e7\u00e3o sexual, opini\u00f5es pol\u00edticas, filia\u00e7\u00e3o sindical, informa\u00e7\u00f5es sobre sua sa\u00fade e dados gen\u00e9ticos e biom\u00e9tricos ). Tamb\u00e9m n\u00e3o coletamos nenhuma informa\u00e7\u00e3o sobre condena\u00e7\u00f5es criminais e ofensas.<\/p>\n<p>&nbsp;<\/p>\n<h5><strong>2. Como usamos as informa\u00e7\u00f5es<\/strong><\/h5>\n<p>S\u00f3 utilizaremos os seus dados pessoais quando a lei nos permitir. Mais comumente, usaremos seus dados pessoais nas seguintes circunst\u00e2ncias:<\/p>\n<ul>\n<li>Quando precisarmos cumprir o contrato que estamos prestes a celebrar ou celebramos com voc\u00ea;<\/li>\n<li>Quando for necess\u00e1rio para os nossos interesses leg\u00edtimos (ou de terceiros) e os seus interesses e direitos fundamentais n\u00e3o se sobrep\u00f5em a esses interesses;<\/li>\n<li>Onde precisamos cumprir uma obriga\u00e7\u00e3o legal.<\/li>\n<\/ul>\n<p>Geralmente, n\u00e3o contamos com o consentimento como base legal para processar seus dados pessoais, embora obtenhamos seu consentimento antes de enviar comunica\u00e7\u00f5es de marketing direto de terceiros para voc\u00ea. Voc\u00ea tem o direito de retirar o consentimento para marketing a qualquer momento entrando em contato conosco.<\/p>\n<h5>Informa\u00e7\u00f5es pessoais<\/h5>\n<p>Essas informa\u00e7\u00f5es s\u00e3o mantidas de forma segura pelo Provedor de Servi\u00e7os e n\u00f3s as acessamos com a finalidade de lidar com suas d\u00favidas, fornecer informa\u00e7\u00f5es de que voc\u00ea precisa ou requer sobre nossos produtos, processar pedidos, comunicar com voc\u00ea, para garantir que o conte\u00fado do Site seja apresentado em da maneira mais eficaz para voc\u00ea e para o seu computador e, em geral, para manter sua conta conosco. Para esses fins, algumas ou todas as informa\u00e7\u00f5es pessoais fornecidas por voc\u00ea podem ser transferidas do provedor de servi\u00e7os para n\u00f3s ou replicadas por n\u00f3s e mantidas por n\u00f3s em nossos pr\u00f3prios bancos de dados. O Prestador de Servi\u00e7os pode ter acesso \u00e0s informa\u00e7\u00f5es para desempenhar suas fun\u00e7\u00f5es, mas n\u00e3o pode us\u00e1-las para nenhum outro fim.<\/p>\n<p>Os dados pessoais ser\u00e3o armazenados pelo tempo que for razoavelmente necess\u00e1rio para fornecer a voc\u00ea os produtos e servi\u00e7os de que voc\u00ea precisa.<\/p>\n<h5>Informa\u00e7\u00f5es de rastreamento<\/h5>\n<p>Usaremos essas informa\u00e7\u00f5es:<\/p>\n<ul>\n<li>para administrar o Site e para opera\u00e7\u00f5es internas, incluindo solu\u00e7\u00e3o de problemas, an\u00e1lise de dados, teste, pesquisa, fins estat\u00edsticos e de pesquisa;<\/li>\n<li>para melhorar o Site para garantir que o conte\u00fado seja apresentado da maneira mais eficaz para voc\u00ea e para o seu computador;<\/li>\n<li>para permitir que voc\u00ea participe de recursos interativos de nosso servi\u00e7o, quando voc\u00ea optar por faz\u00ea-lo;<\/li>\n<li>como parte de nossos esfor\u00e7os para manter o Site seguro e protegido;<\/li>\n<li>para medir ou entender a efic\u00e1cia da publicidade que veiculamos para voc\u00ea e para outras pessoas e para fornecer publicidade relevante a voc\u00ea;<\/li>\n<li>para fazer sugest\u00f5es e recomenda\u00e7\u00f5es a voc\u00ea e a outros usu\u00e1rios do Site sobre produtos ou servi\u00e7os que possam interessar a voc\u00ea ou a eles.<\/li>\n<\/ul>\n<h5><strong><br \/>\n3. Remo\u00e7\u00e3o de informa\u00e7\u00f5es pessoais e \u201cOpting Out\u201d<\/strong><\/h5>\n<p>Se voc\u00ea nos enviou dados pessoais que gostaria de remover de nosso banco de dados e\/ou do banco de dados de nosso provedor de servi\u00e7os, entre em contato conosco em <a href=\"mailto:iol_enquiries@rayner.com\">iol_enquiries@rayner.com<\/a><\/p>\n<p>Se voc\u00ea nos enviou detalhes de contato pessoal que n\u00e3o deseja que usemos para enviar material promocional, entre em contato conosco no endere\u00e7o de e-mail acima. Voc\u00ea pode optar por n\u00e3o receber tal material a qualquer momento.<\/p>\n<p>&nbsp;<\/p>\n<h5><strong>4. Atualiza\u00e7\u00e3o de informa\u00e7\u00f5es pessoais<\/strong><\/h5>\n<p>Quando as informa\u00e7\u00f5es pessoais enviadas por meio do Site exigirem atualiza\u00e7\u00e3o, as altera\u00e7\u00f5es devem ser notificadas para n\u00f3s no endere\u00e7o de e-mail acima.<\/p>\n<p>&nbsp;<\/p>\n<h5><strong>5. Divulga\u00e7\u00e3o de suas informa\u00e7\u00f5es <\/strong><\/h5>\n<p>Podemos compartilhar suas informa\u00e7\u00f5es pessoais com qualquer membro de nosso grupo, o que significa nossas subsidi\u00e1rias, nossa holding final e suas subsidi\u00e1rias, conforme definido na se\u00e7\u00e3o 1159 da Lei de Empresas do Reino Unido de 2006.<\/p>\n<p>Podemos compartilhar suas informa\u00e7\u00f5es com terceiros selecionados, incluindo:<\/p>\n<ul>\n<li>Provedores de servi\u00e7os que fornecem servi\u00e7os de administra\u00e7\u00e3o de sistemas e TI.<\/li>\n<li>Consultores profissionais, incluindo advogados, banqueiros, auditores e seguradoras que prestam servi\u00e7os de consultoria, banc\u00e1rios, jur\u00eddicos, de seguros e de contabilidade.<\/li>\n<li>HM Revenue &amp; Customs, reguladores e outras autoridades que exigem relat\u00f3rios de atividades de processamento em determinadas circunst\u00e2ncias.<\/li>\n<li>Provedores de mecanismos de pesquisa e an\u00e1lises que nos auxiliam na melhoria e otimiza\u00e7\u00e3o do Site.<\/li>\n<\/ul>\n<p>Podemos divulgar suas informa\u00e7\u00f5es pessoais a terceiros:<\/p>\n<ul>\n<li>No caso de vendermos ou comprarmos qualquer neg\u00f3cio ou ativos, caso em que podemos divulgar seus dados pessoais ao potencial vendedor ou comprador de tais neg\u00f3cios ou ativos.<\/li>\n<li>Se a Rayner ou substancialmente todos os seus ativos forem adquiridos por terceiros, caso em que os dados pessoais mantidos por ela sobre seus clientes ser\u00e3o um dos ativos transferidos.<\/li>\n<li>Se tivermos o dever de divulgar ou compartilhar seus dados pessoais para cumprir qualquer obriga\u00e7\u00e3o legal ou para fazer cumprir ou aplicar nossos Termos de Uso e outros acordos; ou para proteger os direitos, propriedade ou seguran\u00e7a da Rayner Intraocular Lenses Limited, nossos clientes ou outros.<\/li>\n<\/ul>\n<p>Exigimos que todos os terceiros respeitem a seguran\u00e7a dos seus dados pessoais e os tratem de acordo com a lei. N\u00e3o permitimos que nossos provedores de servi\u00e7os terceirizados usem seus dados pessoais para seus pr\u00f3prios fins e apenas permitimos que eles processem seus dados pessoais para fins espec\u00edficos e de acordo com nossas instru\u00e7\u00f5es.<\/p>\n<p>&nbsp;<\/p>\n<h5><strong>6. Transfer\u00eancias internacionais<\/strong><\/h5>\n<p>Em geral, n\u00e3o transferimos seus dados pessoais para fora do Espa\u00e7o Econ\u00f4mico Europeu (EEA). Uma exce\u00e7\u00e3o a esta regra geral \u00e9 quando os dados pessoais s\u00e3o fornecidos em conex\u00e3o com uma consulta de produto para uma jurisdi\u00e7\u00e3o fora do EEE. Nessas circunst\u00e2ncias, forneceremos esses dados pessoais (incluindo nome e detalhes de contato) ao nosso distribuidor autorizado na jurisdi\u00e7\u00e3o relevante.<\/p>\n<p>&nbsp;<\/p>\n<h5><strong>7. Seguran\u00e7a de dados e viola\u00e7\u00f5es de dados<\/strong><\/h5>\n<p>Dispomos de medidas de seguran\u00e7a adequadas para evitar que os seus dados pessoais sejam acidentalmente perdidos, utilizados ou acedidos de forma n\u00e3o autorizada, alterados ou divulgados. Al\u00e9m disso, limitamos o acesso aos seus dados pessoais aos funcion\u00e1rios, agentes, contratados e outros terceiros que tenham necessidade comercial de conhec\u00ea-los. Apenas processar\u00e3o os seus dados pessoais mediante as nossas instru\u00e7\u00f5es e est\u00e3o sujeitos a um dever de confidencialidade.<\/p>\n<p>Temos procedimentos para lidar com qualquer suspeita de viola\u00e7\u00e3o de dados pessoais e notificaremos voc\u00ea e qualquer regulador aplic\u00e1vel sobre uma viola\u00e7\u00e3o quando formos legalmente obrigados a faz\u00ea-lo.<\/p>\n<p>&nbsp;<\/p>\n<h5><strong>8. Reten\u00e7\u00e3o de dados<\/strong><\/h5>\n<p>Por lei, temos que manter informa\u00e7\u00f5es b\u00e1sicas sobre nossos clientes (incluindo dados de contato, identidade, financeiros e transa\u00e7\u00f5es) por seis anos ap\u00f3s eles deixarem de ser clientes para fins fiscais.<\/p>\n<p>Em algumas circunst\u00e2ncias, voc\u00ea pode nos pedir para excluir seus dados: consulte seus direitos legais abaixo para obter mais informa\u00e7\u00f5es.<\/p>\n<p>Em algumas circunst\u00e2ncias, anonimizaremos seus dados pessoais (para que n\u00e3o possam mais ser associados a voc\u00ea) para fins de pesquisa ou estat\u00edstica, caso em que poderemos usar essas informa\u00e7\u00f5es indefinidamente sem aviso pr\u00e9vio.<\/p>\n<p>&nbsp;<\/p>\n<h5><strong>9. Seus direitos legais<\/strong><\/h5>\n<p>Sob certas circunst\u00e2ncias, voc\u00ea tem direitos sob as leis de prote\u00e7\u00e3o de dados em rela\u00e7\u00e3o aos seus dados pessoais. Por favor, clique nos links abaixo para saber mais sobre esses direitos: Para Solicitar acesso aos seus dados pessoais.<\/p>\n<ul>\n<li>Solicitar a corre\u00e7\u00e3o dos seus dados pessoais.<\/li>\n<li>Solicitar o apagamento dos seus dados pessoais.<\/li>\n<li>Opor-se ao tratamento dos seus dados pessoais.<\/li>\n<li>Solicitar restri\u00e7\u00e3o de processamento de seus dados pessoais.<\/li>\n<li>Solicitar a transfer\u00eancia dos seus dados pessoais.<\/li>\n<li>Direito de retirar o consentimento.<\/li>\n<\/ul>\n<h5>Se voc\u00ea deseja exercer qualquer um dos direitos descritos acima, entre em contato conosco em iol_enquiries@rayner.com.<br \/>\n<strong><br \/>\nNenhuma taxa geralmente exigida.<br \/>\n<\/strong><br \/>\nVoc\u00ea n\u00e3o ter\u00e1 que pagar nenhuma taxa para acessar seus dados pessoais (ou para exercer qualquer um dos outros direitos). No entanto, podemos cobrar uma taxa razo\u00e1vel se sua solicita\u00e7\u00e3o for claramente infundada, repetitiva ou excessiva. Em alternativa, podemos recusar-nos a cumprir o seu pedido nestas circunst\u00e2ncias.<br \/>\n<strong><br \/>\nO que podemos precisar de voc\u00ea<br \/>\n<\/strong><\/h5>\n<p>Podemos precisar solicitar informa\u00e7\u00f5es espec\u00edficas de voc\u00ea para nos ajudar a confirmar sua identidade e garantir seu direito de acessar seus dados pessoais (ou exercer qualquer um de seus outros direitos). Esta \u00e9 uma medida de seguran\u00e7a para garantir que os dados pessoais n\u00e3o sejam divulgados a qualquer pessoa que n\u00e3o tenha o direito de receb\u00ea-los. Tamb\u00e9m podemos entrar em contato com voc\u00ea para solicitar mais informa\u00e7\u00f5es em rela\u00e7\u00e3o \u00e0 sua solicita\u00e7\u00e3o para agilizar nossa resposta.<\/p>\n<h5>Limite de tempo para responder<\/h5>\n<p>Tentamos responder a todos os pedidos leg\u00edtimos no prazo de um m\u00eas. Ocasionalmente, pode levar mais de um m\u00eas se sua solicita\u00e7\u00e3o for particularmente complexa ou se voc\u00ea tiver feito v\u00e1rias solicita\u00e7\u00f5es. Nesse caso, iremos notific\u00e1-lo e mant\u00ea-lo atualizado.<\/p>\n<p>&nbsp;<\/p>\n<h5><strong>10. Links para sites de terceiros<\/strong><\/h5>\n<p>O Site pode conter links ou outras refer\u00eancias a sites publicados por terceiros. Esses sites n\u00e3o est\u00e3o sob nosso controle e n\u00e3o somos respons\u00e1veis pela coleta e uso de suas informa\u00e7\u00f5es por esses sites.<\/p>\n<p>&nbsp;<\/p>\n<h5><strong>11. Como entrar em contato conosco<\/strong><\/h5>\n<p>Se voc\u00ea tiver alguma d\u00favida sobre nossa Pol\u00edtica de Privacidade, escreva-nos Rayner Intraocular Lenses Limited, 10 Dominion Way, Worthing, West Sussex BN14 8AQ ou, alternativamente, envie-nos um e-mail para iol_enquiries@rayner.com<\/p>\n<p>\u00a9 2022. Rayner Intraocular Lenses Limited<\/p>\n","protected":false},"excerpt":{"rendered":"<p>Pol\u00edtica de Privacidade Por favor, n\u00e3o se registre neste site se n\u00e3o desejar que as informa\u00e7\u00f5es sejam processadas por n\u00f3s, conforme descrito nesta pol\u00edtica. Certifique-se de ter o consentimento antes de inserir os dados pessoais de outra pessoa neste site. Este site https:\/\/yourvisionyourworld.com\/br (\u201co Site\u201d) \u00e9 produzido e operado pela Rayner Intraocular Lenses Limited (\u201cRayner\u201d).\u2026 <a href=\"https:\/\/yourvisionyourworld.com\/br\/politica-de-privacidade\/\">Read more<\/a><\/p>\n","protected":false},"author":4,"featured_media":0,"parent":0,"menu_order":100,"comment_status":"closed","ping_status":"closed","template":"page-basic.php","meta":{"inline_featured_image":false},"tags":[],"acf":[],"yoast_head":"<!-- This site is optimized with the Yoast SEO plugin v20.6 - https:\/\/yoast.com\/wordpress\/plugins\/seo\/ -->\n<title>Pol\u00edtica de Privacidade -<\/title>\n<meta name=\"description\" content=\"This Privacy Policy describes Our policies and procedures on the collection, use and disclosure of Your information when You use the Service and tells You about Your privacy rights and how the law protects You.\" \/>\n<meta name=\"robots\" content=\"index, follow, max-snippet:-1, max-image-preview:large, max-video-preview:-1\" \/>\n<link rel=\"canonical\" href=\"https:\/\/yourvisionyourworld.com\/br\/politica-de-privacidade\/\" \/>\n<meta property=\"og:locale\" content=\"en_GB\" \/>\n<meta property=\"og:type\" content=\"article\" \/>\n<meta property=\"og:title\" content=\"Pol\u00edtica de Privacidade -\" \/>\n<meta property=\"og:description\" content=\"This Privacy Policy describes Our policies and procedures on the collection, use and disclosure of Your information when You use the Service and tells You about Your privacy rights and how the law protects You.\" \/>\n<meta property=\"og:url\" content=\"https:\/\/yourvisionyourworld.com\/br\/politica-de-privacidade\/\" \/>\n<meta property=\"og:site_name\" content=\"Your Vision. Your World - BR\" \/>\n<meta property=\"article:modified_time\" content=\"2023-05-02T11:08:50+00:00\" \/>\n<meta name=\"twitter:card\" content=\"summary_large_image\" \/>\n<meta name=\"twitter:label1\" content=\"Estimated reading time\" \/>\n\t<meta name=\"twitter:data1\" content=\"10 minutes\" \/>\n<script type=\"application\/ld+json\" class=\"yoast-schema-graph\">{\"@context\":\"https:\/\/schema.org\",\"@graph\":[{\"@type\":\"WebPage\",\"@id\":\"https:\/\/yourvisionyourworld.com\/br\/politica-de-privacidade\/\",\"url\":\"https:\/\/yourvisionyourworld.com\/br\/politica-de-privacidade\/\",\"name\":\"Pol\u00edtica de Privacidade -\",\"isPartOf\":{\"@id\":\"https:\/\/yourvisionyourworld.com\/br\/#website\"},\"datePublished\":\"2020-05-05T14:40:45+00:00\",\"dateModified\":\"2023-05-02T11:08:50+00:00\",\"description\":\"This Privacy Policy describes Our policies and procedures on the collection, use and disclosure of Your information when You use the Service and tells You about Your privacy rights and how the law protects You.\",\"breadcrumb\":{\"@id\":\"https:\/\/yourvisionyourworld.com\/br\/politica-de-privacidade\/#breadcrumb\"},\"inLanguage\":\"en-GB\",\"potentialAction\":[{\"@type\":\"ReadAction\",\"target\":[\"https:\/\/yourvisionyourworld.com\/br\/politica-de-privacidade\/\"]}]},{\"@type\":\"BreadcrumbList\",\"@id\":\"https:\/\/yourvisionyourworld.com\/br\/politica-de-privacidade\/#breadcrumb\",\"itemListElement\":[{\"@type\":\"ListItem\",\"position\":1,\"name\":\"Home\",\"item\":\"https:\/\/yourvisionyourworld.com\/br\/\"},{\"@type\":\"ListItem\",\"position\":2,\"name\":\"Pol\u00edtica de Privacidade\"}]},{\"@type\":\"WebSite\",\"@id\":\"https:\/\/yourvisionyourworld.com\/br\/#website\",\"url\":\"https:\/\/yourvisionyourworld.com\/br\/\",\"name\":\"Your Vision. Your World - BR\",\"description\":\"\",\"potentialAction\":[{\"@type\":\"SearchAction\",\"target\":{\"@type\":\"EntryPoint\",\"urlTemplate\":\"https:\/\/yourvisionyourworld.com\/br\/?s={search_term_string}\"},\"query-input\":\"required name=search_term_string\"}],\"inLanguage\":\"en-GB\"}]}<\/script>\n<!-- \/ Yoast SEO plugin. -->","yoast_head_json":{"title":"Pol\u00edtica de Privacidade -","description":"This Privacy Policy describes Our policies and procedures on the collection, use and disclosure of Your information when You use the Service and tells You about Your privacy rights and how the law protects You.","robots":{"index":"index","follow":"follow","max-snippet":"max-snippet:-1","max-image-preview":"max-image-preview:large","max-video-preview":"max-video-preview:-1"},"canonical":"https:\/\/yourvisionyourworld.com\/br\/politica-de-privacidade\/","og_locale":"en_GB","og_type":"article","og_title":"Pol\u00edtica de Privacidade -","og_description":"This Privacy Policy describes Our policies and procedures on the collection, use and disclosure of Your information when You use the Service and tells You about Your privacy rights and how the law protects You.","og_url":"https:\/\/yourvisionyourworld.com\/br\/politica-de-privacidade\/","og_site_name":"Your Vision. Your World - BR","article_modified_time":"2023-05-02T11:08:50+00:00","twitter_card":"summary_large_image","twitter_misc":{"Estimated reading time":"10 minutes"},"schema":{"@context":"https:\/\/schema.org","@graph":[{"@type":"WebPage","@id":"https:\/\/yourvisionyourworld.com\/br\/politica-de-privacidade\/","url":"https:\/\/yourvisionyourworld.com\/br\/politica-de-privacidade\/","name":"Pol\u00edtica de Privacidade -","isPartOf":{"@id":"https:\/\/yourvisionyourworld.com\/br\/#website"},"datePublished":"2020-05-05T14:40:45+00:00","dateModified":"2023-05-02T11:08:50+00:00","description":"This Privacy Policy describes Our policies and procedures on the collection, use and disclosure of Your information when You use the Service and tells You about Your privacy rights and how the law protects You.","breadcrumb":{"@id":"https:\/\/yourvisionyourworld.com\/br\/politica-de-privacidade\/#breadcrumb"},"inLanguage":"en-GB","potentialAction":[{"@type":"ReadAction","target":["https:\/\/yourvisionyourworld.com\/br\/politica-de-privacidade\/"]}]},{"@type":"BreadcrumbList","@id":"https:\/\/yourvisionyourworld.com\/br\/politica-de-privacidade\/#breadcrumb","itemListElement":[{"@type":"ListItem","position":1,"name":"Home","item":"https:\/\/yourvisionyourworld.com\/br\/"},{"@type":"ListItem","position":2,"name":"Pol\u00edtica de Privacidade"}]},{"@type":"WebSite","@id":"https:\/\/yourvisionyourworld.com\/br\/#website","url":"https:\/\/yourvisionyourworld.com\/br\/","name":"Your Vision. Your World - BR","description":"","potentialAction":[{"@type":"SearchAction","target":{"@type":"EntryPoint","urlTemplate":"https:\/\/yourvisionyourworld.com\/br\/?s={search_term_string}"},"query-input":"required name=search_term_string"}],"inLanguage":"en-GB"}]}},"_links":{"self":[{"href":"https:\/\/yourvisionyourworld.com\/br\/wp-json\/wp\/v2\/pages\/3"}],"collection":[{"href":"https:\/\/yourvisionyourworld.com\/br\/wp-json\/wp\/v2\/pages"}],"about":[{"href":"https:\/\/yourvisionyourworld.com\/br\/wp-json\/wp\/v2\/types\/page"}],"author":[{"embeddable":true,"href":"https:\/\/yourvisionyourworld.com\/br\/wp-json\/wp\/v2\/users\/4"}],"replies":[{"embeddable":true,"href":"https:\/\/yourvisionyourworld.com\/br\/wp-json\/wp\/v2\/comments?post=3"}],"version-history":[{"count":3,"href":"https:\/\/yourvisionyourworld.com\/br\/wp-json\/wp\/v2\/pages\/3\/revisions"}],"predecessor-version":[{"id":5566,"href":"https:\/\/yourvisionyourworld.com\/br\/wp-json\/wp\/v2\/pages\/3\/revisions\/5566"}],"wp:attachment":[{"href":"https:\/\/yourvisionyourworld.com\/br\/wp-json\/wp\/v2\/media?parent=3"}],"wp:term":[{"taxonomy":"post_tag","embeddable":true,"href":"https:\/\/yourvisionyourworld.com\/br\/wp-json\/wp\/v2\/tags?post=3"}],"curies":[{"name":"wp","href":"https:\/\/api.w.org\/{rel}","templated":true}]}}