{"id":17,"date":"2020-06-16T13:05:27","date_gmt":"2020-06-16T13:05:27","guid":{"rendered":"https:\/\/yourvisionyourworld.com\/br\/?page_id=17"},"modified":"2023-08-10T15:40:35","modified_gmt":"2023-08-10T15:40:35","slug":"termos-de-uso","status":"publish","type":"page","link":"https:\/\/yourvisionyourworld.com\/br\/termos-de-uso\/","title":{"rendered":"Termos de uso"},"content":{"rendered":"<h1>Termos de uso<\/h1>\n<h4>POR FAVOR, LEIA ESTES TERMOS E CONDI\u00c7\u00d5ES CUIDADOSAMENTE ANTES DE USAR ESTE SITE<\/h4>\n<p>&nbsp;<\/p>\n<p>Este site <a href=\"https:\/\/staging.yourvisionyourworld.com\/pt\">www.staging.yourvisionyourworld.com<\/a> (\u201co Site\u201d) \u00e9 produzido e operado pela Rayner Intraocular Lenses Limited (\u201cRayner\u201d).<\/p>\n<p>Estes Termos de Uso cont\u00eam informa\u00e7\u00f5es importantes e estabelecem seus direitos e responsabilidades como usu\u00e1rio deste site.<\/p>\n<h5><strong>1. Objetivo e efeito<\/strong><\/h5>\n<p>Estes Termos de Uso s\u00e3o juridicamente vinculativos e estabelecem os direitos e obriga\u00e7\u00f5es da Rayner (\u201cn\u00f3s\u201d ou \u201cn\u00f3s\u201d) e de voc\u00ea, o usu\u00e1rio, em rela\u00e7\u00e3o ao seu uso do Site e quaisquer servi\u00e7os que oferecemos por meio dele.<\/p>\n<p>Ao se registrar conosco e\/ou usar o Site, voc\u00ea concorda em ficar vinculado a estes Termos. Se voc\u00ea n\u00e3o concorda com estes termos de uso, voc\u00ea n\u00e3o deve usar o Site.<\/p>\n<p>Podemos alterar estes Termos de tempos em tempos, alterando esta p\u00e1gina. Por favor, verifique de tempos em tempos para tomar conhecimento de quaisquer altera\u00e7\u00f5es que fizemos, pois elas s\u00e3o vinculativas para voc\u00ea. Seu uso do Site ser\u00e1 considerado uma aceita\u00e7\u00e3o por voc\u00ea de tais altera\u00e7\u00f5es. \u00c9 sua responsabilidade garantir que voc\u00ea conhe\u00e7a, leia e entenda quaisquer altera\u00e7\u00f5es a estes Termos.<\/p>\n<p>&nbsp;<\/p>\n<h5><strong>2. Outros termos aplic\u00e1veis<\/strong><\/h5>\n<p>Estes Termos de Uso referem-se aos seguintes termos adicionais, que tamb\u00e9m se aplicam ao seu uso do Site:<\/p>\n<ul>\n<li><a href=\"https:\/\/staging.yourvisionyourworld.com\/pt\/privacy-policy\/\">Nossa Pol\u00edtica de Privacidade<\/a>, que estabelece os termos nos quais processamos quaisquer dados pessoais que coletamos de voc\u00ea ou que voc\u00ea nos fornece. Ao usar o Site, voc\u00ea concorda com tal processamento e garante que todos os dados fornecidos por voc\u00ea s\u00e3o precisos.<\/li>\n<li><a href=\"https:\/\/staging.yourvisionyourworld.com\/pt\/cookie-policy\/\">Nossa Pol\u00edtica de Cookies<\/a>, que estabelece informa\u00e7\u00f5es sobre o uso de cookies no Site.<\/li>\n<\/ul>\n<p>&nbsp;<\/p>\n<h5><strong>3. Informa\u00e7\u00f5es sobre n\u00f3s<\/strong><\/h5>\n<p>A Rayner Intraocular Lenses Limited est\u00e1 registrada na Inglaterra e no Pa\u00eds de Gales sob o n\u00famero de empresa 00615539 e nosso escrit\u00f3rio registrado fica em 10 Dominion Way, Worthing, West Sussex, BN14 8AQ.<\/p>\n<p>&nbsp;<\/p>\n<h5><strong>4. Uso indevido do site<\/strong><\/h5>\n<p>Podemos suspender ou encerrar imediatamente seu uso do Site se, em nossa opini\u00e3o, voc\u00ea estiver fazendo uso indevido ou se violar qualquer um destes Termos, incluindo, sem limita\u00e7\u00e3o, aqueles relacionados aos seguintes usos proibidos do Site:-<\/p>\n<p>Voc\u00ea concorda em n\u00e3o:<\/p>\n<ul>\n<li>Modificar, adaptar, sublicenciar, traduzir, vender, revender, retransmitir, fazer engenharia reversa, descompilar ou desmontar qualquer parte do Site;<\/li>\n<li>Publicar, armazenar ou transmitir qualquer informa\u00e7\u00e3o ou material ilegal, amea\u00e7ador, difamat\u00f3rio, indecente, obsceno, pornogr\u00e1fico, profano ou ofensivo ou censur\u00e1vel (conforme determinado por n\u00f3s);<\/li>\n<li>Postar, armazenar ou transmitir qualquer informa\u00e7\u00e3o ou material que possa ou constitua uma ofensa criminal ou viole qualquer lei;<\/li>\n<\/ul>\n<ul>\n<li>Publicar ou transmitir qualquer publicidade, promo\u00e7\u00e3o ou solicita\u00e7\u00e3o de bens ou servi\u00e7os sem o nosso consentimento expresso;<\/li>\n<li>Interferir (ou tentar interferir) na opera\u00e7\u00e3o do Site. Tal interfer\u00eancia incluiria interferir, anular ou contornar qualquer fun\u00e7\u00e3o de seguran\u00e7a do Site, ou tentar faz\u00ea-lo;<\/li>\n<li>Usar o Site para qualquer finalidade ilegal;<\/li>\n<li>Usar o Site para publicar, armazenar ou transmitir qualquer informa\u00e7\u00e3o ou software que contenha um v\u00edrus, worm, cavalo de Tr\u00f3ia ou outro componente prejudicial ou perturbador;<\/li>\n<li>Fazer mau uso de qualquer fun\u00e7\u00e3o de e-mail dispon\u00edvel no Site ou por meio dele.<\/li>\n<\/ul>\n<p>&nbsp;<\/p>\n<h5><strong>5. Links para outros sites<\/strong><\/h5>\n<p>O Site pode conter links ou refer\u00eancias a outros sites ou recursos. N\u00e3o controlamos ou endossamos nenhum outro site, a menos que especificamente declarado. N\u00e3o revisamos ou aprovamos o conte\u00fado de nenhum desses outros sites.<\/p>\n<p>Voc\u00ea concorda que n\u00e3o seremos respons\u00e1veis pela legalidade, precis\u00e3o ou natureza inadequada de qualquer conte\u00fado, publicidade, produtos, servi\u00e7os ou informa\u00e7\u00f5es localizadas em ou atrav\u00e9s de quaisquer outros sites, nem por qualquer perda ou dano causado ou supostamente causado por o uso ou confian\u00e7a em tal conte\u00fado.<\/p>\n<p>&nbsp;<\/p>\n<h5><strong>6. Link para o Site<\/strong><\/h5>\n<p>Voc\u00ea deve obter permiss\u00e3o pr\u00e9via de n\u00f3s antes de estabelecer qualquer link para o Site. Voc\u00ea n\u00e3o deve estabelecer um link de forma a sugerir qualquer forma de associa\u00e7\u00e3o, aprova\u00e7\u00e3o ou endosso de nossa parte onde n\u00e3o existe.<\/p>\n<p>Voc\u00ea n\u00e3o deve estabelecer um link para o Site em nenhum site que n\u00e3o seja de sua propriedade.<\/p>\n<p>O Site n\u00e3o deve ser enquadrado em nenhum outro site, nem voc\u00ea pode criar um link para qualquer parte do Site que n\u00e3o seja a p\u00e1gina inicial.<\/p>\n<p>Reservamo-nos o direito de retirar a permiss\u00e3o de vincula\u00e7\u00e3o sem aviso pr\u00e9vio.<\/p>\n<p>Se voc\u00ea deseja fazer qualquer uso do conte\u00fado do Site diferente do descrito nestes Termos, entre em contato <a href=\"mailto:iol_enquiries@rayner.com\">iol_enquiries@rayner.com<\/a><\/p>\n<p>&nbsp;<\/p>\n<h5><strong>7. Isen\u00e7\u00e3o de responsabilidade<\/strong><\/h5>\n<p>O Site, os materiais do Site e qualquer servi\u00e7o obtido ou acessado por meio do Site s\u00e3o fornecidos por n\u00f3s sem representa\u00e7\u00f5es ou garantias de qualquer tipo, expressas ou impl\u00edcitas.<\/p>\n<p>Na extens\u00e3o m\u00e1xima permitida por lei, a Rayner se isenta de todas as garantias, expressas, impl\u00edcitas ou estatut\u00e1rias, incluindo todas as garantias relacionadas \u00e0 adequa\u00e7\u00e3o, precis\u00e3o ou integridade de qualquer informa\u00e7\u00e3o no Site ou que esteja livre de defeitos ou v\u00edrus.<\/p>\n<p>Voc\u00ea assume total responsabilidade e risco pelo uso do Site e qualquer confian\u00e7a que deposite nele ou nas informa\u00e7\u00f5es ou materiais nele contidos.<\/p>\n<p>&nbsp;<\/p>\n<h5><strong>8. Limita\u00e7\u00e3o de responsabilidade<\/strong><\/h5>\n<p>Perda ou dano causado por atraso ou erros ou tempo de inatividade do Site ou resultante de falha na opera\u00e7\u00e3o da Internet.<br \/>\nNada nestes Termos de Uso se destina a limitar ou excluir qualquer responsabilidade da Rayner quando e na medida em que a lei aplic\u00e1vel pro\u00edba tal exclus\u00e3o ou limita\u00e7\u00e3o. Os direitos estatut\u00e1rios dos consumidores que usam o Site n\u00e3o s\u00e3o afetados.<\/p>\n<p>A Rayner n\u00e3o \u00e9 respons\u00e1vel por quaisquer danos incidentais, consequenciais, especiais, exemplares, punitivos ou outros danos sob qualquer contrato, neglig\u00eancia ou responsabilidade estrita decorrentes ou relacionados de qualquer forma ao Site e\/ou seu conte\u00fado.<\/p>\n<p>A Rayner n\u00e3o ser\u00e1 respons\u00e1vel por qualquer perda ou dano causado por um v\u00edrus, ataque distribu\u00eddo de nega\u00e7\u00e3o de servi\u00e7o ou outro material tecnologicamente prejudicial que possa infectar seu equipamento de computador, programas de computador, dados ou outro material propriet\u00e1rio devido ao seu uso do Site ou ao download de qualquer conte\u00fado nele ou em qualquer site vinculado a ele.<\/p>\n<p>A Rayner n\u00e3o assume nenhuma responsabilidade pelo conte\u00fado dos sites vinculados ao Site. Salvo indica\u00e7\u00e3o em contr\u00e1rio, esses links n\u00e3o devem ser interpretados como endosso por n\u00f3s desses sites vinculados. N\u00e3o seremos respons\u00e1veis por qualquer perda ou dano que possa surgir do seu uso.<\/p>\n<p>A \u00fanica solu\u00e7\u00e3o para a insatisfa\u00e7\u00e3o com o Site \u00e9 parar de us\u00e1-lo.<\/p>\n<p>&nbsp;<\/p>\n<h5><strong>9. Propriedade e restri\u00e7\u00e3o de uso do Site<\/strong><\/h5>\n<p>Somos os propriet\u00e1rios ou licenciados de todos os direitos de propriedade intelectual do Site e do material nele publicado. Essas obras s\u00e3o protegidas por leis e tratados de direitos autorais em todo o mundo. Todos os nossos direitos a este respeito s\u00e3o expressamente reservados.<\/p>\n<p>Voc\u00ea pode imprimir uma c\u00f3pia e baixar trechos de qualquer p\u00e1gina(s) do Site para seu uso pessoal e pode chamar a aten\u00e7\u00e3o de outras pessoas dentro de sua organiza\u00e7\u00e3o para o conte\u00fado publicado no Site.<\/p>\n<p>Voc\u00ea n\u00e3o deve modificar o papel ou as c\u00f3pias digitais de quaisquer materiais que voc\u00ea imprimiu ou baixou de nenhuma forma, e voc\u00ea n\u00e3o deve usar nenhuma ilustra\u00e7\u00e3o, fotografia, sequ\u00eancia de v\u00eddeo ou \u00e1udio da Rayner ou qualquer gr\u00e1fico separadamente de qualquer texto que o acompanha. Voc\u00ea n\u00e3o pode reimprimir, republicar, revender ou redistribuir o material da Rayner de qualquer forma ou maneira sem o nosso consentimento expresso por escrito.<\/p>\n<p>Nosso status (e o de qualquer contribuidor identificado) como autores do conte\u00fado do Site deve ser sempre reconhecido. Quaisquer isen\u00e7\u00f5es de responsabilidade no Site devem ser reproduzidas apropriadamente.<\/p>\n<p>Voc\u00ea n\u00e3o deve usar nenhuma parte do conte\u00fado do Site para fins comerciais sem obter uma licen\u00e7a nossa ou de nossos licenciadores para faz\u00ea-lo.<\/p>\n<p>Se voc\u00ea imprimir, copiar ou baixar qualquer parte do Site em viola\u00e7\u00e3o destes Termos de Uso, seu direito de usar o Site cessar\u00e1 imediatamente e voc\u00ea dever\u00e1, a nosso crit\u00e9rio, devolver ou destruir quaisquer c\u00f3pias dos materiais que voc\u00ea fez.<\/p>\n<p>&nbsp;<\/p>\n<h5><strong>10. Nenhuma confian\u00e7a nas informa\u00e7\u00f5es<\/strong><\/h5>\n<p>O conte\u00fado do Site \u00e9 fornecido apenas para informa\u00e7\u00e3o geral. N\u00e3o se destina a constituir um conselho no qual voc\u00ea deva confiar. Voc\u00ea deve obter aconselhamento profissional ou especializado antes de tomar ou abster-se de qualquer a\u00e7\u00e3o com base no conte\u00fado do Site.<\/p>\n<p>Embora fa\u00e7amos esfor\u00e7os razo\u00e1veis para atualizar as informa\u00e7\u00f5es no Site, n\u00e3o fazemos declara\u00e7\u00f5es ou garantias, expressas ou impl\u00edcitas, de que o conte\u00fado do Site seja preciso, completo ou atualizado ou que esteja em conformidade com a lei da jurisdi\u00e7\u00e3o a partir da qual voc\u00ea acessa o Site.<\/p>\n<p>&nbsp;<\/p>\n<h5><strong>11. Marcas Registradas<\/strong><\/h5>\n<p>Rayner, Rayner Surgical e Rayner Intraocular Lenses s\u00e3o nomes ou nomes comerciais de empresas pertencentes ao grupo de empresas Rayner.<\/p>\n<p>Rayner, RayOne, Sulcoflex, RayPRO e AEON s\u00e3o marcas de propriedade da Rayner.<\/p>\n<p>Nada nestes Termos d\u00e1 a voc\u00ea o direito de usar qualquer marca registrada, marca de servi\u00e7o, logotipo e\/ou nome comercial da Rayner.<\/p>\n<p>&nbsp;<\/p>\n<h5><strong>12. V\u00edrus<\/strong><\/h5>\n<p>N\u00e3o garantimos que o Site esteja seguro ou livre de bugs ou v\u00edrus.<\/p>\n<p>Voc\u00ea \u00e9 respons\u00e1vel por configurar sua tecnologia da informa\u00e7\u00e3o, programas de computador e plataforma para acessar o Site. Voc\u00ea deve usar seu pr\u00f3prio software de prote\u00e7\u00e3o contra v\u00edrus.<\/p>\n<p>Voc\u00ea n\u00e3o deve fazer uso indevido do Site introduzindo intencionalmente v\u00edrus, trojans, worms, bombas l\u00f3gicas ou outro material que seja malicioso ou tecnologicamente prejudicial. Voc\u00ea n\u00e3o deve tentar obter acesso n\u00e3o autorizado ao Site, ao servidor no qual o Site est\u00e1 armazenado ou a qualquer servidor, computador ou banco de dados conectado ao Site. Voc\u00ea n\u00e3o deve atacar o Site por meio de um ataque de nega\u00e7\u00e3o de servi\u00e7o ou um ataque distribu\u00eddo de nega\u00e7\u00e3o de servi\u00e7o. Ao violar esta disposi\u00e7\u00e3o, voc\u00ea estar\u00e1 cometendo uma ofensa criminal sob a Lei de Uso Indevido de Computadores de 1990. Denunciaremos qualquer viola\u00e7\u00e3o \u00e0s autoridades policiais relevantes e cooperaremos com essas autoridades revelando sua identidade a elas. No caso de tal viola\u00e7\u00e3o, seu direito de usar o Site cessar\u00e1 imediatamente.<\/p>\n<p>&nbsp;<\/p>\n<h5><strong>13. Mudan\u00e7as no Site<\/strong><\/h5>\n<p>Podemos atualizar o Site periodicamente e alterar o conte\u00fado a qualquer momento. Observe, no entanto, que qualquer conte\u00fado do Site pode estar desatualizado a qualquer momento e n\u00e3o temos obriga\u00e7\u00e3o de atualiz\u00e1-lo.<\/p>\n<p>N\u00e3o garantimos que o Site, ou qualquer conte\u00fado nele contido, esteja livre de erros ou omiss\u00f5es.<\/p>\n<p>&nbsp;<\/p>\n<h5><strong>14. Jurisdi\u00e7\u00e3o<\/strong><\/h5>\n<p>Voc\u00ea escolhe acessar o Site por sua conta e risco. Voc\u00ea \u00e9 respons\u00e1vel pelo cumprimento de quaisquer leis locais aplic\u00e1veis a voc\u00ea.<\/p>\n<p>Estes Termos de Uso e todas as rela\u00e7\u00f5es contratuais e outras que surjam do Site s\u00e3o regidos pelas leis da Inglaterra. Voc\u00ea se submete \u00e0 jurisdi\u00e7\u00e3o exclusiva dos tribunais da Inglaterra e Pa\u00eds de Gales onde qualquer disputa surgir de ou em conex\u00e3o com estes Termos e\/ou o Site.<\/p>\n<p>&nbsp;<\/p>\n<h5>Contate-nos<\/h5>\n<p>Para entrar em contato conosco, envie um e-mail para <a href=\"mailto:iol_enquiries@rayner.com\">iol_enquiries@rayner.com<\/a><\/p>\n<p>Obrigado por visitar o nosso site.<\/p>\n<p>\u00a9 2022. Rayner Intraocular Lenses Limited<\/p>\n","protected":false},"excerpt":{"rendered":"<p>Termos de uso POR FAVOR, LEIA ESTES TERMOS E CONDI\u00c7\u00d5ES CUIDADOSAMENTE ANTES DE USAR ESTE SITE &nbsp; Este site www.staging.yourvisionyourworld.com (\u201co Site\u201d) \u00e9 produzido e operado pela Rayner Intraocular Lenses Limited (\u201cRayner\u201d). Estes Termos de Uso cont\u00eam informa\u00e7\u00f5es importantes e estabelecem seus direitos e responsabilidades como usu\u00e1rio deste site. 1. Objetivo e efeito Estes Termos\u2026 <a href=\"https:\/\/yourvisionyourworld.com\/br\/termos-de-uso\/\">Read more<\/a><\/p>\n","protected":false},"author":4,"featured_media":0,"parent":0,"menu_order":98,"comment_status":"closed","ping_status":"closed","template":"page-basic.php","meta":{"inline_featured_image":false},"tags":[],"acf":[],"yoast_head":"<!-- This site is optimized with the Yoast SEO plugin v20.6 - https:\/\/yoast.com\/wordpress\/plugins\/seo\/ -->\n<title>Termos de uso -<\/title>\n<meta name=\"description\" content=\"Terms of use - Please read these terms and conditions carefully before using Our Service.\" \/>\n<meta name=\"robots\" content=\"index, follow, max-snippet:-1, max-image-preview:large, max-video-preview:-1\" \/>\n<link rel=\"canonical\" href=\"https:\/\/yourvisionyourworld.com\/br\/termos-de-uso\/\" \/>\n<meta property=\"og:locale\" content=\"en_GB\" \/>\n<meta property=\"og:type\" content=\"article\" \/>\n<meta property=\"og:title\" content=\"Termos de uso -\" \/>\n<meta property=\"og:description\" content=\"Terms of use - Please read these terms and conditions carefully before using Our Service.\" \/>\n<meta property=\"og:url\" content=\"https:\/\/yourvisionyourworld.com\/br\/termos-de-uso\/\" \/>\n<meta property=\"og:site_name\" content=\"Your Vision. Your World - BR\" \/>\n<meta property=\"article:modified_time\" content=\"2023-08-10T15:40:35+00:00\" \/>\n<meta name=\"twitter:card\" content=\"summary_large_image\" \/>\n<meta name=\"twitter:label1\" content=\"Estimated reading time\" \/>\n\t<meta name=\"twitter:data1\" content=\"8 minutes\" \/>\n<script type=\"application\/ld+json\" class=\"yoast-schema-graph\">{\"@context\":\"https:\/\/schema.org\",\"@graph\":[{\"@type\":\"WebPage\",\"@id\":\"https:\/\/yourvisionyourworld.com\/br\/termos-de-uso\/\",\"url\":\"https:\/\/yourvisionyourworld.com\/br\/termos-de-uso\/\",\"name\":\"Termos de uso -\",\"isPartOf\":{\"@id\":\"https:\/\/yourvisionyourworld.com\/br\/#website\"},\"datePublished\":\"2020-06-16T13:05:27+00:00\",\"dateModified\":\"2023-08-10T15:40:35+00:00\",\"description\":\"Terms of use - Please read these terms and conditions carefully before using Our Service.\",\"breadcrumb\":{\"@id\":\"https:\/\/yourvisionyourworld.com\/br\/termos-de-uso\/#breadcrumb\"},\"inLanguage\":\"en-GB\",\"potentialAction\":[{\"@type\":\"ReadAction\",\"target\":[\"https:\/\/yourvisionyourworld.com\/br\/termos-de-uso\/\"]}]},{\"@type\":\"BreadcrumbList\",\"@id\":\"https:\/\/yourvisionyourworld.com\/br\/termos-de-uso\/#breadcrumb\",\"itemListElement\":[{\"@type\":\"ListItem\",\"position\":1,\"name\":\"Home\",\"item\":\"https:\/\/yourvisionyourworld.com\/br\/\"},{\"@type\":\"ListItem\",\"position\":2,\"name\":\"Termos de uso\"}]},{\"@type\":\"WebSite\",\"@id\":\"https:\/\/yourvisionyourworld.com\/br\/#website\",\"url\":\"https:\/\/yourvisionyourworld.com\/br\/\",\"name\":\"Your Vision. Your World - BR\",\"description\":\"\",\"potentialAction\":[{\"@type\":\"SearchAction\",\"target\":{\"@type\":\"EntryPoint\",\"urlTemplate\":\"https:\/\/yourvisionyourworld.com\/br\/?s={search_term_string}\"},\"query-input\":\"required name=search_term_string\"}],\"inLanguage\":\"en-GB\"}]}<\/script>\n<!-- \/ Yoast SEO plugin. -->","yoast_head_json":{"title":"Termos de uso -","description":"Terms of use - Please read these terms and conditions carefully before using Our Service.","robots":{"index":"index","follow":"follow","max-snippet":"max-snippet:-1","max-image-preview":"max-image-preview:large","max-video-preview":"max-video-preview:-1"},"canonical":"https:\/\/yourvisionyourworld.com\/br\/termos-de-uso\/","og_locale":"en_GB","og_type":"article","og_title":"Termos de uso -","og_description":"Terms of use - Please read these terms and conditions carefully before using Our Service.","og_url":"https:\/\/yourvisionyourworld.com\/br\/termos-de-uso\/","og_site_name":"Your Vision. Your World - BR","article_modified_time":"2023-08-10T15:40:35+00:00","twitter_card":"summary_large_image","twitter_misc":{"Estimated reading time":"8 minutes"},"schema":{"@context":"https:\/\/schema.org","@graph":[{"@type":"WebPage","@id":"https:\/\/yourvisionyourworld.com\/br\/termos-de-uso\/","url":"https:\/\/yourvisionyourworld.com\/br\/termos-de-uso\/","name":"Termos de uso -","isPartOf":{"@id":"https:\/\/yourvisionyourworld.com\/br\/#website"},"datePublished":"2020-06-16T13:05:27+00:00","dateModified":"2023-08-10T15:40:35+00:00","description":"Terms of use - Please read these terms and conditions carefully before using Our Service.","breadcrumb":{"@id":"https:\/\/yourvisionyourworld.com\/br\/termos-de-uso\/#breadcrumb"},"inLanguage":"en-GB","potentialAction":[{"@type":"ReadAction","target":["https:\/\/yourvisionyourworld.com\/br\/termos-de-uso\/"]}]},{"@type":"BreadcrumbList","@id":"https:\/\/yourvisionyourworld.com\/br\/termos-de-uso\/#breadcrumb","itemListElement":[{"@type":"ListItem","position":1,"name":"Home","item":"https:\/\/yourvisionyourworld.com\/br\/"},{"@type":"ListItem","position":2,"name":"Termos de uso"}]},{"@type":"WebSite","@id":"https:\/\/yourvisionyourworld.com\/br\/#website","url":"https:\/\/yourvisionyourworld.com\/br\/","name":"Your Vision. Your World - BR","description":"","potentialAction":[{"@type":"SearchAction","target":{"@type":"EntryPoint","urlTemplate":"https:\/\/yourvisionyourworld.com\/br\/?s={search_term_string}"},"query-input":"required name=search_term_string"}],"inLanguage":"en-GB"}]}},"_links":{"self":[{"href":"https:\/\/yourvisionyourworld.com\/br\/wp-json\/wp\/v2\/pages\/17"}],"collection":[{"href":"https:\/\/yourvisionyourworld.com\/br\/wp-json\/wp\/v2\/pages"}],"about":[{"href":"https:\/\/yourvisionyourworld.com\/br\/wp-json\/wp\/v2\/types\/page"}],"author":[{"embeddable":true,"href":"https:\/\/yourvisionyourworld.com\/br\/wp-json\/wp\/v2\/users\/4"}],"replies":[{"embeddable":true,"href":"https:\/\/yourvisionyourworld.com\/br\/wp-json\/wp\/v2\/comments?post=17"}],"version-history":[{"count":8,"href":"https:\/\/yourvisionyourworld.com\/br\/wp-json\/wp\/v2\/pages\/17\/revisions"}],"predecessor-version":[{"id":5570,"href":"https:\/\/yourvisionyourworld.com\/br\/wp-json\/wp\/v2\/pages\/17\/revisions\/5570"}],"wp:attachment":[{"href":"https:\/\/yourvisionyourworld.com\/br\/wp-json\/wp\/v2\/media?parent=17"}],"wp:term":[{"taxonomy":"post_tag","embeddable":true,"href":"https:\/\/yourvisionyourworld.com\/br\/wp-json\/wp\/v2\/tags?post=17"}],"curies":[{"name":"wp","href":"https:\/\/api.w.org\/{rel}","templated":true}]}}